{"id":23247,"date":"2022-06-24T13:59:38","date_gmt":"2022-06-24T11:59:38","guid":{"rendered":"http:\/\/www.hapy-com.fr\/echoppe\/product\/sac-a-dos-divux-2\/"},"modified":"2022-06-24T13:59:38","modified_gmt":"2022-06-24T11:59:38","slug":"sac-a-dos-divux-2","status":"publish","type":"product","link":"https:\/\/www.hapy-com.fr\/echoppe\/product\/sac-a-dos-divux-2\/","title":{"rendered":"Sac \u00e0 Dos Divux"},"content":{"rendered":"<p>Sac \u00e0 dos en nylon 420D r\u00e9sistant. Compartiment zipp\u00e9 s\u00e9par\u00e9 pour les chaussures et poche zipp\u00e9e lat\u00e9rale. Compartiment principal avec fermeture \u00e9clair \u00e0 double tirette et poign\u00e9es de transport renforc\u00e9es, avec fermeture velcro. Bretelles et dos rembourr\u00e9s avec bretelles r\u00e9glables.<\/p>\n","protected":false},"excerpt":{"rendered":"<p>Sac \u00e0 dos en nylon 420D r\u00e9sistant. Compartiment zipp\u00e9 s\u00e9par\u00e9 pour les chaussures et poche zipp\u00e9e lat\u00e9rale. Compartiment principal avec fermeture \u00e9clair \u00e0 double tirette et poign\u00e9es de transport renforc\u00e9es,&#8230;<\/p>\n","protected":false},"featured_media":23246,"template":"","meta":[],"product_cat":[338],"product_tag":[],"class_list":{"0":"post-23247","1":"product","2":"type-product","3":"status-publish","4":"has-post-thumbnail","6":"product_cat-voyage-bagagerie","8":"first","9":"instock","10":"shipping-taxable","11":"purchasable","12":"product-type-simple"},"_links":{"self":[{"href":"https:\/\/www.hapy-com.fr\/echoppe\/wp-json\/wp\/v2\/product\/23247","targetHints":{"allow":["GET"]}}],"collection":[{"href":"https:\/\/www.hapy-com.fr\/echoppe\/wp-json\/wp\/v2\/product"}],"about":[{"href":"https:\/\/www.hapy-com.fr\/echoppe\/wp-json\/wp\/v2\/types\/product"}],"wp:featuredmedia":[{"embeddable":true,"href":"https:\/\/www.hapy-com.fr\/echoppe\/wp-json\/wp\/v2\/media\/23246"}],"wp:attachment":[{"href":"https:\/\/www.hapy-com.fr\/echoppe\/wp-json\/wp\/v2\/media?parent=23247"}],"wp:term":[{"taxonomy":"product_cat","embeddable":true,"href":"https:\/\/www.hapy-com.fr\/echoppe\/wp-json\/wp\/v2\/product_cat?post=23247"},{"taxonomy":"product_tag","embeddable":true,"href":"https:\/\/www.hapy-com.fr\/echoppe\/wp-json\/wp\/v2\/product_tag?post=23247"}],"curies":[{"name":"wp","href":"https:\/\/api.w.org\/{rel}","templated":true}]}}