{"id":23251,"date":"2022-06-24T13:59:41","date_gmt":"2022-06-24T11:59:41","guid":{"rendered":"http:\/\/www.hapy-com.fr\/echoppe\/product\/banane-nussa\/"},"modified":"2022-06-24T13:59:41","modified_gmt":"2022-06-24T11:59:41","slug":"banane-nussa","status":"publish","type":"product","link":"https:\/\/www.hapy-com.fr\/echoppe\/product\/banane-nussa\/","title":{"rendered":"Banane Nussa"},"content":{"rendered":"<p>Banane en li\u00e8ge naturel de la gamme Gamme \u00e9co-friendly. Poche zipp\u00e9e avec sangle r\u00e9glable et fermeture \u00e0 boucle. Con\u00e7u pour les activit\u00e9s sportives et de loisirs.<\/p>\n","protected":false},"excerpt":{"rendered":"<p>Banane en li\u00e8ge naturel de la gamme Gamme \u00e9co-friendly. Poche zipp\u00e9e avec sangle r\u00e9glable et fermeture \u00e0 boucle. Con\u00e7u pour les activit\u00e9s sportives et de loisirs.<\/p>\n","protected":false},"featured_media":23250,"template":"","meta":[],"product_cat":[338],"product_tag":[],"class_list":{"0":"post-23251","1":"product","2":"type-product","3":"status-publish","4":"has-post-thumbnail","6":"product_cat-voyage-bagagerie","8":"first","9":"instock","10":"shipping-taxable","11":"purchasable","12":"product-type-simple"},"_links":{"self":[{"href":"https:\/\/www.hapy-com.fr\/echoppe\/wp-json\/wp\/v2\/product\/23251","targetHints":{"allow":["GET"]}}],"collection":[{"href":"https:\/\/www.hapy-com.fr\/echoppe\/wp-json\/wp\/v2\/product"}],"about":[{"href":"https:\/\/www.hapy-com.fr\/echoppe\/wp-json\/wp\/v2\/types\/product"}],"wp:featuredmedia":[{"embeddable":true,"href":"https:\/\/www.hapy-com.fr\/echoppe\/wp-json\/wp\/v2\/media\/23250"}],"wp:attachment":[{"href":"https:\/\/www.hapy-com.fr\/echoppe\/wp-json\/wp\/v2\/media?parent=23251"}],"wp:term":[{"taxonomy":"product_cat","embeddable":true,"href":"https:\/\/www.hapy-com.fr\/echoppe\/wp-json\/wp\/v2\/product_cat?post=23251"},{"taxonomy":"product_tag","embeddable":true,"href":"https:\/\/www.hapy-com.fr\/echoppe\/wp-json\/wp\/v2\/product_tag?post=23251"}],"curies":[{"name":"wp","href":"https:\/\/api.w.org\/{rel}","templated":true}]}}