{"id":23257,"date":"2022-06-24T13:59:47","date_gmt":"2022-06-24T11:59:47","guid":{"rendered":"http:\/\/www.hapy-com.fr\/echoppe\/product\/sac-a-dos-indicateur-krepak\/"},"modified":"2022-06-24T13:59:47","modified_gmt":"2022-06-24T11:59:47","slug":"sac-a-dos-indicateur-krepak","status":"publish","type":"product","link":"https:\/\/www.hapy-com.fr\/echoppe\/product\/sac-a-dos-indicateur-krepak\/","title":{"rendered":"Sac \u00e0 Dos Indicateur Krepak"},"content":{"rendered":"<p>Sac \u00e0 dos multi-usage avec voyants lumineux, en polyester 600D bicolore r\u00e9sistant. Design urbain, comprend des feux clignotants et fixes, avec 3 types d\u00b4\u00e9clairage. Compartiment principal avec fermeture \u00e9clair double curseur non sp\u00e9rable, avec bretelles rembourr\u00e9es et r\u00e9glable . Aliment\u00e9 par pile (bouton inclus).<\/p>\n","protected":false},"excerpt":{"rendered":"<p>Sac \u00e0 dos multi-usage avec voyants lumineux, en polyester 600D bicolore r\u00e9sistant. Design urbain, comprend des feux clignotants et fixes, avec 3 types d\u00b4\u00e9clairage. Compartiment principal avec fermeture \u00e9clair double&#8230;<\/p>\n","protected":false},"featured_media":23255,"template":"","meta":[],"product_cat":[338],"product_tag":[],"class_list":{"0":"post-23257","1":"product","2":"type-product","3":"status-publish","4":"has-post-thumbnail","6":"product_cat-voyage-bagagerie","8":"first","9":"instock","10":"shipping-taxable","11":"purchasable","12":"product-type-simple"},"_links":{"self":[{"href":"https:\/\/www.hapy-com.fr\/echoppe\/wp-json\/wp\/v2\/product\/23257","targetHints":{"allow":["GET"]}}],"collection":[{"href":"https:\/\/www.hapy-com.fr\/echoppe\/wp-json\/wp\/v2\/product"}],"about":[{"href":"https:\/\/www.hapy-com.fr\/echoppe\/wp-json\/wp\/v2\/types\/product"}],"wp:featuredmedia":[{"embeddable":true,"href":"https:\/\/www.hapy-com.fr\/echoppe\/wp-json\/wp\/v2\/media\/23255"}],"wp:attachment":[{"href":"https:\/\/www.hapy-com.fr\/echoppe\/wp-json\/wp\/v2\/media?parent=23257"}],"wp:term":[{"taxonomy":"product_cat","embeddable":true,"href":"https:\/\/www.hapy-com.fr\/echoppe\/wp-json\/wp\/v2\/product_cat?post=23257"},{"taxonomy":"product_tag","embeddable":true,"href":"https:\/\/www.hapy-com.fr\/echoppe\/wp-json\/wp\/v2\/product_tag?post=23257"}],"curies":[{"name":"wp","href":"https:\/\/api.w.org\/{rel}","templated":true}]}}