{"id":23272,"date":"2022-06-24T14:00:00","date_gmt":"2022-06-24T12:00:00","guid":{"rendered":"http:\/\/www.hapy-com.fr\/echoppe\/product\/sac-a-dos-paxer-3\/"},"modified":"2022-06-24T14:00:00","modified_gmt":"2022-06-24T12:00:00","slug":"sac-a-dos-paxer-3","status":"publish","type":"product","link":"https:\/\/www.hapy-com.fr\/echoppe\/product\/sac-a-dos-paxer-3\/","title":{"rendered":"Sac \u00e0 Dos Paxer"},"content":{"rendered":"<p>Sac \u00e0 dos en forme de t-shirt, original et amusant pour adultes. En polyester 210D au touch\u00e9 agr\u00e9able, avec cordelette noires et les coins renforc\u00e9s. Disponible diff\u00e9rents coloris.<\/p>\n","protected":false},"excerpt":{"rendered":"<p>Sac \u00e0 dos en forme de t-shirt, original et amusant pour adultes. En polyester 210D au touch\u00e9 agr\u00e9able, avec cordelette noires et les coins renforc\u00e9s. Disponible diff\u00e9rents coloris.<\/p>\n","protected":false},"featured_media":23271,"template":"","meta":[],"product_cat":[338],"product_tag":[],"class_list":{"0":"post-23272","1":"product","2":"type-product","3":"status-publish","4":"has-post-thumbnail","6":"product_cat-voyage-bagagerie","8":"first","9":"instock","10":"shipping-taxable","11":"purchasable","12":"product-type-simple"},"_links":{"self":[{"href":"https:\/\/www.hapy-com.fr\/echoppe\/wp-json\/wp\/v2\/product\/23272","targetHints":{"allow":["GET"]}}],"collection":[{"href":"https:\/\/www.hapy-com.fr\/echoppe\/wp-json\/wp\/v2\/product"}],"about":[{"href":"https:\/\/www.hapy-com.fr\/echoppe\/wp-json\/wp\/v2\/types\/product"}],"wp:featuredmedia":[{"embeddable":true,"href":"https:\/\/www.hapy-com.fr\/echoppe\/wp-json\/wp\/v2\/media\/23271"}],"wp:attachment":[{"href":"https:\/\/www.hapy-com.fr\/echoppe\/wp-json\/wp\/v2\/media?parent=23272"}],"wp:term":[{"taxonomy":"product_cat","embeddable":true,"href":"https:\/\/www.hapy-com.fr\/echoppe\/wp-json\/wp\/v2\/product_cat?post=23272"},{"taxonomy":"product_tag","embeddable":true,"href":"https:\/\/www.hapy-com.fr\/echoppe\/wp-json\/wp\/v2\/product_tag?post=23272"}],"curies":[{"name":"wp","href":"https:\/\/api.w.org\/{rel}","templated":true}]}}