{"id":23283,"date":"2022-06-24T14:00:10","date_gmt":"2022-06-24T12:00:10","guid":{"rendered":"http:\/\/www.hapy-com.fr\/echoppe\/product\/sac-a-dos-antibacterienne-mordux\/"},"modified":"2022-06-24T14:00:10","modified_gmt":"2022-06-24T12:00:10","slug":"sac-a-dos-antibacterienne-mordux","status":"publish","type":"product","link":"https:\/\/www.hapy-com.fr\/echoppe\/product\/sac-a-dos-antibacterienne-mordux\/","title":{"rendered":"Sac \u00e0 Dos Antibact\u00e9rienne Mordux"},"content":{"rendered":"<p>Sac \u00e0 dos antibact\u00e9rien en polyester 600D r\u00e9sistant. Avec fermeture \u00e0 glissi\u00e8re double tirette et poches avant, y compris accessoire pour le poser sur valise. Poche int\u00e9rieure rembourr\u00e9e pour ordinateur portable jusqu\u00b4\u00e0 15 pouces. Coins renforc\u00e9s, avec poign\u00e9e de transport et accessoires de couleur noire. Dos et bretelles rembourr\u00e9s et r\u00e9glables, avec logo antibact\u00e9rien sur l\u00b4\u00e9tiquette apparente.  Les produits avec des traitements antibact\u00e9riens sont capables de r\u00e9duire consid\u00e9rablement les niveaux bact\u00e9riens pr\u00e9sents sur les surfaces des mat\u00e9riaux, gr\u00e2ce \u00e0 l\u00b4ajout d\u00b4agents microbiens statiques permanents, avec une grande efficacit\u00e9 pour inhiber et pr\u00e9venir la contamination bact\u00e9rienne.  Article conforme \u00e0 la norme ISO 20743, qui d\u00e9termine l\u00b4activit\u00e9 antibact\u00e9rienne des produits textiles.<\/p>\n","protected":false},"excerpt":{"rendered":"<p>Sac \u00e0 dos antibact\u00e9rien en polyester 600D r\u00e9sistant. Avec fermeture \u00e0 glissi\u00e8re double tirette et poches avant, y compris accessoire pour le poser sur valise. Poche int\u00e9rieure rembourr\u00e9e pour ordinateur&#8230;<\/p>\n","protected":false},"featured_media":23281,"template":"","meta":[],"product_cat":[338],"product_tag":[],"class_list":{"0":"post-23283","1":"product","2":"type-product","3":"status-publish","4":"has-post-thumbnail","6":"product_cat-voyage-bagagerie","8":"first","9":"instock","10":"shipping-taxable","11":"purchasable","12":"product-type-simple"},"_links":{"self":[{"href":"https:\/\/www.hapy-com.fr\/echoppe\/wp-json\/wp\/v2\/product\/23283","targetHints":{"allow":["GET"]}}],"collection":[{"href":"https:\/\/www.hapy-com.fr\/echoppe\/wp-json\/wp\/v2\/product"}],"about":[{"href":"https:\/\/www.hapy-com.fr\/echoppe\/wp-json\/wp\/v2\/types\/product"}],"wp:featuredmedia":[{"embeddable":true,"href":"https:\/\/www.hapy-com.fr\/echoppe\/wp-json\/wp\/v2\/media\/23281"}],"wp:attachment":[{"href":"https:\/\/www.hapy-com.fr\/echoppe\/wp-json\/wp\/v2\/media?parent=23283"}],"wp:term":[{"taxonomy":"product_cat","embeddable":true,"href":"https:\/\/www.hapy-com.fr\/echoppe\/wp-json\/wp\/v2\/product_cat?post=23283"},{"taxonomy":"product_tag","embeddable":true,"href":"https:\/\/www.hapy-com.fr\/echoppe\/wp-json\/wp\/v2\/product_tag?post=23283"}],"curies":[{"name":"wp","href":"https:\/\/api.w.org\/{rel}","templated":true}]}}