{"id":23286,"date":"2022-06-24T14:00:13","date_gmt":"2022-06-24T12:00:13","guid":{"rendered":"http:\/\/www.hapy-com.fr\/echoppe\/product\/sac-a-dos-terrex\/"},"modified":"2022-06-24T14:00:13","modified_gmt":"2022-06-24T12:00:13","slug":"sac-a-dos-terrex","status":"publish","type":"product","link":"https:\/\/www.hapy-com.fr\/echoppe\/product\/sac-a-dos-terrex\/","title":{"rendered":"Sac \u00e0 Dos Terrex"},"content":{"rendered":"<p>Sac \u00e0 dos en polyester robuste 600D RPET, fabriqu\u00e9 \u00e0 partir de plastique recycl\u00e9 pour promouvoir la r\u00e9utilisation des d\u00e9chets plastiques et contribuer \u00e0 la durabilit\u00e9 de la plan\u00e8te.   Dans une finition bicolore \u00e9l\u00e9gante, il comprend une \u00e9tiquette ext\u00e9rieure avec badge RPET. Poche principale avec compartiments d\u2019ordinateur portable rembourr\u00e9s jusqu\u2019\u00e0 15 pouces et tablette jusqu\u2019\u00e0 10 pouces. Rubans arri\u00e8re et rembourr\u00e9s.<\/p>\n","protected":false},"excerpt":{"rendered":"<p>Sac \u00e0 dos en polyester robuste 600D RPET, fabriqu\u00e9 \u00e0 partir de plastique recycl\u00e9 pour promouvoir la r\u00e9utilisation des d\u00e9chets plastiques et contribuer \u00e0 la durabilit\u00e9 de la plan\u00e8te. Dans&#8230;<\/p>\n","protected":false},"featured_media":23284,"template":"","meta":[],"product_cat":[338],"product_tag":[],"class_list":{"0":"post-23286","1":"product","2":"type-product","3":"status-publish","4":"has-post-thumbnail","6":"product_cat-voyage-bagagerie","8":"first","9":"instock","10":"shipping-taxable","11":"purchasable","12":"product-type-simple"},"_links":{"self":[{"href":"https:\/\/www.hapy-com.fr\/echoppe\/wp-json\/wp\/v2\/product\/23286","targetHints":{"allow":["GET"]}}],"collection":[{"href":"https:\/\/www.hapy-com.fr\/echoppe\/wp-json\/wp\/v2\/product"}],"about":[{"href":"https:\/\/www.hapy-com.fr\/echoppe\/wp-json\/wp\/v2\/types\/product"}],"wp:featuredmedia":[{"embeddable":true,"href":"https:\/\/www.hapy-com.fr\/echoppe\/wp-json\/wp\/v2\/media\/23284"}],"wp:attachment":[{"href":"https:\/\/www.hapy-com.fr\/echoppe\/wp-json\/wp\/v2\/media?parent=23286"}],"wp:term":[{"taxonomy":"product_cat","embeddable":true,"href":"https:\/\/www.hapy-com.fr\/echoppe\/wp-json\/wp\/v2\/product_cat?post=23286"},{"taxonomy":"product_tag","embeddable":true,"href":"https:\/\/www.hapy-com.fr\/echoppe\/wp-json\/wp\/v2\/product_tag?post=23286"}],"curies":[{"name":"wp","href":"https:\/\/api.w.org\/{rel}","templated":true}]}}