{"id":23305,"date":"2022-06-24T14:00:26","date_gmt":"2022-06-24T12:00:26","guid":{"rendered":"http:\/\/www.hapy-com.fr\/echoppe\/product\/sac-a-dos-ventix-6\/"},"modified":"2022-06-24T14:00:26","modified_gmt":"2022-06-24T12:00:26","slug":"sac-a-dos-ventix-6","status":"publish","type":"product","link":"https:\/\/www.hapy-com.fr\/echoppe\/product\/sac-a-dos-ventix-6\/","title":{"rendered":"Sac \u00e0 Dos Ventix"},"content":{"rendered":"<p>Sac \u00e0 dos en polyester 600D robuste au design l\u00e9ger dans une large gamme de couleurs. Deux compartiments principaux avec fermeture \u00e9clair et poche avant. Filet lat\u00e9ral facilement accessible, poign\u00e9es de bande pour l\u2019ouverture facile et accessoires noirs. Dos rembourr\u00e9 et bretelles r\u00e9glables avec rembourrage.<\/p>\n","protected":false},"excerpt":{"rendered":"<p>Sac \u00e0 dos en polyester 600D robuste au design l\u00e9ger dans une large gamme de couleurs. Deux compartiments principaux avec fermeture \u00e9clair et poche avant. Filet lat\u00e9ral facilement accessible, poign\u00e9es&#8230;<\/p>\n","protected":false},"featured_media":23304,"template":"","meta":[],"product_cat":[338],"product_tag":[],"class_list":{"0":"post-23305","1":"product","2":"type-product","3":"status-publish","4":"has-post-thumbnail","6":"product_cat-voyage-bagagerie","8":"first","9":"instock","10":"shipping-taxable","11":"purchasable","12":"product-type-simple"},"_links":{"self":[{"href":"https:\/\/www.hapy-com.fr\/echoppe\/wp-json\/wp\/v2\/product\/23305","targetHints":{"allow":["GET"]}}],"collection":[{"href":"https:\/\/www.hapy-com.fr\/echoppe\/wp-json\/wp\/v2\/product"}],"about":[{"href":"https:\/\/www.hapy-com.fr\/echoppe\/wp-json\/wp\/v2\/types\/product"}],"wp:featuredmedia":[{"embeddable":true,"href":"https:\/\/www.hapy-com.fr\/echoppe\/wp-json\/wp\/v2\/media\/23304"}],"wp:attachment":[{"href":"https:\/\/www.hapy-com.fr\/echoppe\/wp-json\/wp\/v2\/media?parent=23305"}],"wp:term":[{"taxonomy":"product_cat","embeddable":true,"href":"https:\/\/www.hapy-com.fr\/echoppe\/wp-json\/wp\/v2\/product_cat?post=23305"},{"taxonomy":"product_tag","embeddable":true,"href":"https:\/\/www.hapy-com.fr\/echoppe\/wp-json\/wp\/v2\/product_tag?post=23305"}],"curies":[{"name":"wp","href":"https:\/\/api.w.org\/{rel}","templated":true}]}}