{"id":23324,"date":"2022-06-24T14:00:41","date_gmt":"2022-06-24T12:00:41","guid":{"rendered":"http:\/\/www.hapy-com.fr\/echoppe\/product\/balluchon-lopso\/"},"modified":"2022-06-24T14:00:41","modified_gmt":"2022-06-24T12:00:41","slug":"balluchon-lopso","status":"publish","type":"product","link":"https:\/\/www.hapy-com.fr\/echoppe\/product\/balluchon-lopso\/","title":{"rendered":"Balluchon Lopso"},"content":{"rendered":"<p>Petate polyvalent de ligne naturelle et conception bicolore. Fait de jute, avec des d\u00e9tails en coton. Avec ruban r\u00e9glable et poche int\u00e9rieure.  Compartiment principal avec anneaux m\u00e9talliques renforc\u00e9s et poche avant pour un marquage facile.<\/p>\n","protected":false},"excerpt":{"rendered":"<p>Petate polyvalent de ligne naturelle et conception bicolore. Fait de jute, avec des d\u00e9tails en coton. Avec ruban r\u00e9glable et poche int\u00e9rieure. Compartiment principal avec anneaux m\u00e9talliques renforc\u00e9s et poche&#8230;<\/p>\n","protected":false},"featured_media":23322,"template":"","meta":[],"product_cat":[338],"product_tag":[],"class_list":{"0":"post-23324","1":"product","2":"type-product","3":"status-publish","4":"has-post-thumbnail","6":"product_cat-voyage-bagagerie","8":"first","9":"instock","10":"shipping-taxable","11":"purchasable","12":"product-type-simple"},"_links":{"self":[{"href":"https:\/\/www.hapy-com.fr\/echoppe\/wp-json\/wp\/v2\/product\/23324","targetHints":{"allow":["GET"]}}],"collection":[{"href":"https:\/\/www.hapy-com.fr\/echoppe\/wp-json\/wp\/v2\/product"}],"about":[{"href":"https:\/\/www.hapy-com.fr\/echoppe\/wp-json\/wp\/v2\/types\/product"}],"wp:featuredmedia":[{"embeddable":true,"href":"https:\/\/www.hapy-com.fr\/echoppe\/wp-json\/wp\/v2\/media\/23322"}],"wp:attachment":[{"href":"https:\/\/www.hapy-com.fr\/echoppe\/wp-json\/wp\/v2\/media?parent=23324"}],"wp:term":[{"taxonomy":"product_cat","embeddable":true,"href":"https:\/\/www.hapy-com.fr\/echoppe\/wp-json\/wp\/v2\/product_cat?post=23324"},{"taxonomy":"product_tag","embeddable":true,"href":"https:\/\/www.hapy-com.fr\/echoppe\/wp-json\/wp\/v2\/product_tag?post=23324"}],"curies":[{"name":"wp","href":"https:\/\/api.w.org\/{rel}","templated":true}]}}