{"id":23327,"date":"2022-06-24T14:00:44","date_gmt":"2022-06-24T12:00:44","guid":{"rendered":"http:\/\/www.hapy-com.fr\/echoppe\/product\/sac-a-dos-marnel\/"},"modified":"2022-06-24T14:00:44","modified_gmt":"2022-06-24T12:00:44","slug":"sac-a-dos-marnel","status":"publish","type":"product","link":"https:\/\/www.hapy-com.fr\/echoppe\/product\/sac-a-dos-marnel\/","title":{"rendered":"Sac \u00e0 Dos Marnel"},"content":{"rendered":"<p>Sac \u00e0 dos polyvalent de ligne naturelle et design bicolore. Fait de jute, avec des d\u00e9tails en coton. Compartiment principal avec fermeture \u00e9clair et double poign\u00e9e, avec poche de fermeture \u00e0 glissi\u00e8re avant pour un marquage facile et des bandes r\u00e9glables pour correspondre.<\/p>\n","protected":false},"excerpt":{"rendered":"<p>Sac \u00e0 dos polyvalent de ligne naturelle et design bicolore. Fait de jute, avec des d\u00e9tails en coton. Compartiment principal avec fermeture \u00e9clair et double poign\u00e9e, avec poche de fermeture&#8230;<\/p>\n","protected":false},"featured_media":23325,"template":"","meta":[],"product_cat":[338],"product_tag":[],"class_list":{"0":"post-23327","1":"product","2":"type-product","3":"status-publish","4":"has-post-thumbnail","6":"product_cat-voyage-bagagerie","8":"first","9":"instock","10":"shipping-taxable","11":"purchasable","12":"product-type-simple"},"_links":{"self":[{"href":"https:\/\/www.hapy-com.fr\/echoppe\/wp-json\/wp\/v2\/product\/23327","targetHints":{"allow":["GET"]}}],"collection":[{"href":"https:\/\/www.hapy-com.fr\/echoppe\/wp-json\/wp\/v2\/product"}],"about":[{"href":"https:\/\/www.hapy-com.fr\/echoppe\/wp-json\/wp\/v2\/types\/product"}],"wp:featuredmedia":[{"embeddable":true,"href":"https:\/\/www.hapy-com.fr\/echoppe\/wp-json\/wp\/v2\/media\/23325"}],"wp:attachment":[{"href":"https:\/\/www.hapy-com.fr\/echoppe\/wp-json\/wp\/v2\/media?parent=23327"}],"wp:term":[{"taxonomy":"product_cat","embeddable":true,"href":"https:\/\/www.hapy-com.fr\/echoppe\/wp-json\/wp\/v2\/product_cat?post=23327"},{"taxonomy":"product_tag","embeddable":true,"href":"https:\/\/www.hapy-com.fr\/echoppe\/wp-json\/wp\/v2\/product_tag?post=23327"}],"curies":[{"name":"wp","href":"https:\/\/api.w.org\/{rel}","templated":true}]}}