{"id":23344,"date":"2022-06-24T14:01:00","date_gmt":"2022-06-24T12:01:00","guid":{"rendered":"http:\/\/www.hapy-com.fr\/echoppe\/product\/sac-holtrum\/"},"modified":"2022-06-24T14:01:00","modified_gmt":"2022-06-24T12:01:00","slug":"sac-holtrum","status":"publish","type":"product","link":"https:\/\/www.hapy-com.fr\/echoppe\/product\/sac-holtrum\/","title":{"rendered":"Sac Holtrum"},"content":{"rendered":"<p>Sac polyvalent en la ligne naturelle en RPET 600D robuste. Fabriqu\u00e9 \u00e0 partir de plastique recycl\u00e9 pour promouvoir la r\u00e9utilisation des d\u00e9chets plastiques et contribuer \u00e0 la durabilit\u00e9 de la plan\u00e8te. Design urbain et d\u00e9tails noirs, il comprend 2 poches \u00e0 fermeture \u00e9clair avec poign\u00e9es m\u00e9talliques et int\u00e9rieurs doubl\u00e9s, renforc\u00e9s en PVC. Poign\u00e9es de transport renforc\u00e9es et sangle de corps crois\u00e9 r\u00e9glable, avec badge RPET sur \u00e9tiquette ext\u00e9rieure.<\/p>\n","protected":false},"excerpt":{"rendered":"<p>Sac polyvalent en la ligne naturelle en RPET 600D robuste. Fabriqu\u00e9 \u00e0 partir de plastique recycl\u00e9 pour promouvoir la r\u00e9utilisation des d\u00e9chets plastiques et contribuer \u00e0 la durabilit\u00e9 de la&#8230;<\/p>\n","protected":false},"featured_media":23342,"template":"","meta":[],"product_cat":[338],"product_tag":[],"class_list":{"0":"post-23344","1":"product","2":"type-product","3":"status-publish","4":"has-post-thumbnail","6":"product_cat-voyage-bagagerie","8":"first","9":"instock","10":"shipping-taxable","11":"purchasable","12":"product-type-simple"},"_links":{"self":[{"href":"https:\/\/www.hapy-com.fr\/echoppe\/wp-json\/wp\/v2\/product\/23344","targetHints":{"allow":["GET"]}}],"collection":[{"href":"https:\/\/www.hapy-com.fr\/echoppe\/wp-json\/wp\/v2\/product"}],"about":[{"href":"https:\/\/www.hapy-com.fr\/echoppe\/wp-json\/wp\/v2\/types\/product"}],"wp:featuredmedia":[{"embeddable":true,"href":"https:\/\/www.hapy-com.fr\/echoppe\/wp-json\/wp\/v2\/media\/23342"}],"wp:attachment":[{"href":"https:\/\/www.hapy-com.fr\/echoppe\/wp-json\/wp\/v2\/media?parent=23344"}],"wp:term":[{"taxonomy":"product_cat","embeddable":true,"href":"https:\/\/www.hapy-com.fr\/echoppe\/wp-json\/wp\/v2\/product_cat?post=23344"},{"taxonomy":"product_tag","embeddable":true,"href":"https:\/\/www.hapy-com.fr\/echoppe\/wp-json\/wp\/v2\/product_tag?post=23344"}],"curies":[{"name":"wp","href":"https:\/\/api.w.org\/{rel}","templated":true}]}}