{"id":23347,"date":"2022-06-24T14:01:04","date_gmt":"2022-06-24T12:01:04","guid":{"rendered":"http:\/\/www.hapy-com.fr\/echoppe\/product\/sac-a-dos-antivol-bulman\/"},"modified":"2022-06-24T14:01:04","modified_gmt":"2022-06-24T12:01:04","slug":"sac-a-dos-antivol-bulman","status":"publish","type":"product","link":"https:\/\/www.hapy-com.fr\/echoppe\/product\/sac-a-dos-antivol-bulman\/","title":{"rendered":"Sac \u00e0 Dos Antivol Bulman"},"content":{"rendered":"<p>Sac \u00e0 dos d\u2019affaires anti-vol ligne nature et r\u00e9sistant 600D RPET effet de m\u00e9lange, fabriqu\u00e9 \u00e0 partir de plastique recycl\u00e9 pour promouvoir la r\u00e9utilisation des d\u00e9chets plastiques et de contribuer \u00e0 la durabilit\u00e9 de la plan\u00e8te. D\u00e9tails noirs et base renforc\u00e9e. Inclut la poche antivol pour stocker des objets de valeur.  Poche ext\u00e9rieure zipper, avec deux compartiments rembourr\u00e9s ordinateur portable int\u00e9rieur jusqu\u2019\u00e0 15 pouces et tablette jusqu\u2019\u00e0 12 pouces. Bretelles \u00e9paule et dos avec rembourrage ergonomique et badge RPET sur l\u2019\u00e9tiquette ext\u00e9rieure.<\/p>\n","protected":false},"excerpt":{"rendered":"<p>Sac \u00e0 dos d\u2019affaires anti-vol ligne nature et r\u00e9sistant 600D RPET effet de m\u00e9lange, fabriqu\u00e9 \u00e0 partir de plastique recycl\u00e9 pour promouvoir la r\u00e9utilisation des d\u00e9chets plastiques et de contribuer&#8230;<\/p>\n","protected":false},"featured_media":23345,"template":"","meta":[],"product_cat":[338],"product_tag":[],"class_list":{"0":"post-23347","1":"product","2":"type-product","3":"status-publish","4":"has-post-thumbnail","6":"product_cat-voyage-bagagerie","8":"first","9":"instock","10":"shipping-taxable","11":"purchasable","12":"product-type-simple"},"_links":{"self":[{"href":"https:\/\/www.hapy-com.fr\/echoppe\/wp-json\/wp\/v2\/product\/23347","targetHints":{"allow":["GET"]}}],"collection":[{"href":"https:\/\/www.hapy-com.fr\/echoppe\/wp-json\/wp\/v2\/product"}],"about":[{"href":"https:\/\/www.hapy-com.fr\/echoppe\/wp-json\/wp\/v2\/types\/product"}],"wp:featuredmedia":[{"embeddable":true,"href":"https:\/\/www.hapy-com.fr\/echoppe\/wp-json\/wp\/v2\/media\/23345"}],"wp:attachment":[{"href":"https:\/\/www.hapy-com.fr\/echoppe\/wp-json\/wp\/v2\/media?parent=23347"}],"wp:term":[{"taxonomy":"product_cat","embeddable":true,"href":"https:\/\/www.hapy-com.fr\/echoppe\/wp-json\/wp\/v2\/product_cat?post=23347"},{"taxonomy":"product_tag","embeddable":true,"href":"https:\/\/www.hapy-com.fr\/echoppe\/wp-json\/wp\/v2\/product_tag?post=23347"}],"curies":[{"name":"wp","href":"https:\/\/api.w.org\/{rel}","templated":true}]}}