{"id":23360,"date":"2022-06-24T14:01:16","date_gmt":"2022-06-24T12:01:16","guid":{"rendered":"http:\/\/www.hapy-com.fr\/echoppe\/product\/sac-a-dos-pilxu\/"},"modified":"2022-07-05T23:46:22","modified_gmt":"2022-07-05T21:46:22","slug":"sac-a-dos-pilxu","status":"publish","type":"product","link":"https:\/\/www.hapy-com.fr\/echoppe\/product\/sac-a-dos-pilxu\/","title":{"rendered":"Sac \u00e0 Dos Pilxu"},"content":{"rendered":"<p>Sac \u00e0 dos d\u00b4Antonio Mir\u00f3 en polyester r\u00e9sistant 1680D et similicuir. Ligne sobre, avec fermeture zipp\u00e9e, poche frontale et poign\u00e9e renforc\u00e9e. Rembourr\u00e9 au dos et aux bretelles, il dispose d\u00b4un compartiment int\u00e9rieur matelass\u00e9 pour ordinateurs portables jusqu\u00b4\u00e0 15 pouces ainsi qu\u00b4une pochette int\u00e9rieure pour ranger les CD. Il comprend \u00e9galement des compartiments pour stylos et les cartes. Avec le logo de la marque sur le devant.<\/p>\n","protected":false},"excerpt":{"rendered":"<p>Sac \u00e0 dos d\u00b4Antonio Mir\u00f3 en polyester r\u00e9sistant 1680D et similicuir. Ligne sobre, avec fermeture zipp\u00e9e, poche frontale et poign\u00e9e renforc\u00e9e. Rembourr\u00e9 au dos et aux bretelles, il dispose d\u00b4un&#8230;<\/p>\n","protected":false},"featured_media":23359,"template":"","meta":[],"product_cat":[466,338],"product_tag":[],"class_list":{"0":"post-23360","1":"product","2":"type-product","3":"status-publish","4":"has-post-thumbnail","6":"product_cat-sac-ete-et-plage","7":"product_cat-voyage-bagagerie","9":"first","10":"instock","11":"shipping-taxable","12":"purchasable","13":"product-type-simple"},"_links":{"self":[{"href":"https:\/\/www.hapy-com.fr\/echoppe\/wp-json\/wp\/v2\/product\/23360","targetHints":{"allow":["GET"]}}],"collection":[{"href":"https:\/\/www.hapy-com.fr\/echoppe\/wp-json\/wp\/v2\/product"}],"about":[{"href":"https:\/\/www.hapy-com.fr\/echoppe\/wp-json\/wp\/v2\/types\/product"}],"wp:featuredmedia":[{"embeddable":true,"href":"https:\/\/www.hapy-com.fr\/echoppe\/wp-json\/wp\/v2\/media\/23359"}],"wp:attachment":[{"href":"https:\/\/www.hapy-com.fr\/echoppe\/wp-json\/wp\/v2\/media?parent=23360"}],"wp:term":[{"taxonomy":"product_cat","embeddable":true,"href":"https:\/\/www.hapy-com.fr\/echoppe\/wp-json\/wp\/v2\/product_cat?post=23360"},{"taxonomy":"product_tag","embeddable":true,"href":"https:\/\/www.hapy-com.fr\/echoppe\/wp-json\/wp\/v2\/product_tag?post=23360"}],"curies":[{"name":"wp","href":"https:\/\/api.w.org\/{rel}","templated":true}]}}