{"id":23362,"date":"2022-06-24T14:01:18","date_gmt":"2022-06-24T12:01:18","guid":{"rendered":"http:\/\/www.hapy-com.fr\/echoppe\/product\/sac-a-dos-boral\/"},"modified":"2022-07-05T23:46:22","modified_gmt":"2022-07-05T21:46:22","slug":"sac-a-dos-boral","status":"publish","type":"product","link":"https:\/\/www.hapy-com.fr\/echoppe\/product\/sac-a-dos-boral\/","title":{"rendered":"Sac \u00e0 Dos Boral"},"content":{"rendered":"<p>Sac \u00e0 dos Antonio Mir\u00f3 en nylon 400D r\u00e9sistant.  Ligne sobre, avec fermeture zipp\u00e9e, poche frontale et poign\u00e9e renforc\u00e9e. Rembourrage ergonomique au dos et bretelles. Comprend un compartiment int\u00e9rieur matelass\u00e9 pour les ordinateurs portables jusqu\u00b4\u00e0 15 pouces, ainsi que des compartiments pour stylos. Boucle de s\u00e9curit\u00e9 sur les bretelles et poche en filet \u00e9lastique sur le c\u00f4t\u00e9. Plaque m\u00e9tallique avec logo de la marque.<\/p>\n","protected":false},"excerpt":{"rendered":"<p>Sac \u00e0 dos Antonio Mir\u00f3 en nylon 400D r\u00e9sistant. Ligne sobre, avec fermeture zipp\u00e9e, poche frontale et poign\u00e9e renforc\u00e9e. Rembourrage ergonomique au dos et bretelles. Comprend un compartiment int\u00e9rieur matelass\u00e9&#8230;<\/p>\n","protected":false},"featured_media":23361,"template":"","meta":[],"product_cat":[466,338],"product_tag":[],"class_list":{"0":"post-23362","1":"product","2":"type-product","3":"status-publish","4":"has-post-thumbnail","6":"product_cat-sac-ete-et-plage","7":"product_cat-voyage-bagagerie","9":"first","10":"instock","11":"shipping-taxable","12":"purchasable","13":"product-type-simple"},"_links":{"self":[{"href":"https:\/\/www.hapy-com.fr\/echoppe\/wp-json\/wp\/v2\/product\/23362","targetHints":{"allow":["GET"]}}],"collection":[{"href":"https:\/\/www.hapy-com.fr\/echoppe\/wp-json\/wp\/v2\/product"}],"about":[{"href":"https:\/\/www.hapy-com.fr\/echoppe\/wp-json\/wp\/v2\/types\/product"}],"wp:featuredmedia":[{"embeddable":true,"href":"https:\/\/www.hapy-com.fr\/echoppe\/wp-json\/wp\/v2\/media\/23361"}],"wp:attachment":[{"href":"https:\/\/www.hapy-com.fr\/echoppe\/wp-json\/wp\/v2\/media?parent=23362"}],"wp:term":[{"taxonomy":"product_cat","embeddable":true,"href":"https:\/\/www.hapy-com.fr\/echoppe\/wp-json\/wp\/v2\/product_cat?post=23362"},{"taxonomy":"product_tag","embeddable":true,"href":"https:\/\/www.hapy-com.fr\/echoppe\/wp-json\/wp\/v2\/product_tag?post=23362"}],"curies":[{"name":"wp","href":"https:\/\/api.w.org\/{rel}","templated":true}]}}