{"id":23365,"date":"2022-06-24T14:01:22","date_gmt":"2022-06-24T12:01:22","guid":{"rendered":"http:\/\/www.hapy-com.fr\/echoppe\/product\/sac-a-dos-virtux\/"},"modified":"2022-06-24T14:01:22","modified_gmt":"2022-06-24T12:01:22","slug":"sac-a-dos-virtux","status":"publish","type":"product","link":"https:\/\/www.hapy-com.fr\/echoppe\/product\/sac-a-dos-virtux\/","title":{"rendered":"Sac \u00e0 Dos Virtux"},"content":{"rendered":"<p>Sac \u00e0 dos technique Orizons en polyester 420D r\u00e9sistant propos\u00e9 dans un beau mariage de couleurs. Avec fermeture zipp\u00e9e \u00e0 double curseurs m\u00e9talliques avec logo de la marque et poches sur le devant. Poign\u00e9e rembourr\u00e9e r\u00e9sistante et assortie, avec renforts en nylon r\u00e9glables et coins renforc\u00e9s. Rembourrage ergonomique au dos, rembourrage \u00e0 la taille avec sangles de r\u00e9glage et clip de fermeture. Bretelles rembourr\u00e9es avec sangles ajustables et clip de fermeture.<\/p>\n","protected":false},"excerpt":{"rendered":"<p>Sac \u00e0 dos technique Orizons en polyester 420D r\u00e9sistant propos\u00e9 dans un beau mariage de couleurs. Avec fermeture zipp\u00e9e \u00e0 double curseurs m\u00e9talliques avec logo de la marque et poches&#8230;<\/p>\n","protected":false},"featured_media":23363,"template":"","meta":[],"product_cat":[338],"product_tag":[],"class_list":{"0":"post-23365","1":"product","2":"type-product","3":"status-publish","4":"has-post-thumbnail","6":"product_cat-voyage-bagagerie","8":"first","9":"instock","10":"shipping-taxable","11":"purchasable","12":"product-type-simple"},"_links":{"self":[{"href":"https:\/\/www.hapy-com.fr\/echoppe\/wp-json\/wp\/v2\/product\/23365","targetHints":{"allow":["GET"]}}],"collection":[{"href":"https:\/\/www.hapy-com.fr\/echoppe\/wp-json\/wp\/v2\/product"}],"about":[{"href":"https:\/\/www.hapy-com.fr\/echoppe\/wp-json\/wp\/v2\/types\/product"}],"wp:featuredmedia":[{"embeddable":true,"href":"https:\/\/www.hapy-com.fr\/echoppe\/wp-json\/wp\/v2\/media\/23363"}],"wp:attachment":[{"href":"https:\/\/www.hapy-com.fr\/echoppe\/wp-json\/wp\/v2\/media?parent=23365"}],"wp:term":[{"taxonomy":"product_cat","embeddable":true,"href":"https:\/\/www.hapy-com.fr\/echoppe\/wp-json\/wp\/v2\/product_cat?post=23365"},{"taxonomy":"product_tag","embeddable":true,"href":"https:\/\/www.hapy-com.fr\/echoppe\/wp-json\/wp\/v2\/product_tag?post=23365"}],"curies":[{"name":"wp","href":"https:\/\/api.w.org\/{rel}","templated":true}]}}