{"id":23373,"date":"2022-06-24T14:01:27","date_gmt":"2022-06-24T12:01:27","guid":{"rendered":"http:\/\/www.hapy-com.fr\/echoppe\/product\/sac-a-dos-bolman\/"},"modified":"2022-06-24T14:01:27","modified_gmt":"2022-06-24T12:01:27","slug":"sac-a-dos-bolman","status":"publish","type":"product","link":"https:\/\/www.hapy-com.fr\/echoppe\/product\/sac-a-dos-bolman\/","title":{"rendered":"Sac \u00e0 Dos Bolman"},"content":{"rendered":"<p>Sac \u00e0 dos Antonio Mir\u00f3 en polyester 1680D r\u00e9sistant au design sobre de couleur noire. Avec fermeture \u00e0 glissi\u00e8re, poche avant et poign\u00e9e en m\u00e9tal renforc\u00e9. Dot\u00e9 d\u00b4un rembourrage ergonomique au dos et de bretelles, il comprend un compartiment int\u00e9rieur rembourr\u00e9 pour ordinateurs portables jusqu\u00b4\u00e0 15 pouces et un compartiment pour tablette jusqu\u00b4\u00e0 12 pouces. Housses int\u00e9rieures pour stylos et smartphone. Avec le logo de la marque sur le devant.<\/p>\n","protected":false},"excerpt":{"rendered":"<p>Sac \u00e0 dos Antonio Mir\u00f3 en polyester 1680D r\u00e9sistant au design sobre de couleur noire. Avec fermeture \u00e0 glissi\u00e8re, poche avant et poign\u00e9e en m\u00e9tal renforc\u00e9. Dot\u00e9 d\u00b4un rembourrage ergonomique&#8230;<\/p>\n","protected":false},"featured_media":23372,"template":"","meta":[],"product_cat":[338],"product_tag":[],"class_list":{"0":"post-23373","1":"product","2":"type-product","3":"status-publish","4":"has-post-thumbnail","6":"product_cat-voyage-bagagerie","8":"first","9":"instock","10":"shipping-taxable","11":"purchasable","12":"product-type-simple"},"_links":{"self":[{"href":"https:\/\/www.hapy-com.fr\/echoppe\/wp-json\/wp\/v2\/product\/23373","targetHints":{"allow":["GET"]}}],"collection":[{"href":"https:\/\/www.hapy-com.fr\/echoppe\/wp-json\/wp\/v2\/product"}],"about":[{"href":"https:\/\/www.hapy-com.fr\/echoppe\/wp-json\/wp\/v2\/types\/product"}],"wp:featuredmedia":[{"embeddable":true,"href":"https:\/\/www.hapy-com.fr\/echoppe\/wp-json\/wp\/v2\/media\/23372"}],"wp:attachment":[{"href":"https:\/\/www.hapy-com.fr\/echoppe\/wp-json\/wp\/v2\/media?parent=23373"}],"wp:term":[{"taxonomy":"product_cat","embeddable":true,"href":"https:\/\/www.hapy-com.fr\/echoppe\/wp-json\/wp\/v2\/product_cat?post=23373"},{"taxonomy":"product_tag","embeddable":true,"href":"https:\/\/www.hapy-com.fr\/echoppe\/wp-json\/wp\/v2\/product_tag?post=23373"}],"curies":[{"name":"wp","href":"https:\/\/api.w.org\/{rel}","templated":true}]}}