{"id":23380,"date":"2022-06-24T14:01:33","date_gmt":"2022-06-24T12:01:33","guid":{"rendered":"http:\/\/www.hapy-com.fr\/echoppe\/product\/bandouliere-piluto-3\/"},"modified":"2022-06-24T14:01:33","modified_gmt":"2022-06-24T12:01:33","slug":"bandouliere-piluto-3","status":"publish","type":"product","link":"https:\/\/www.hapy-com.fr\/echoppe\/product\/bandouliere-piluto-3\/","title":{"rendered":"Bandouli\u00e8re Piluto"},"content":{"rendered":"<p>Sacoche \u00e0 bandouli\u00e8re tout terrain en polyester 600D robuste propos\u00e9 en diff\u00e9rentes couleurs. Fermeture zipp\u00e9e avec tire-zip pour faciliter l\u00b4ouverture. Fermeture \u00e0 clip du rabat et poche zipp\u00e9e avec tirette sur le devant. Accessoire pour ceinture \u00e0 l\u00b4arri\u00e8re et bandouli\u00e8re \u00e0 mousqueton r\u00e9glable et assortie.<\/p>\n","protected":false},"excerpt":{"rendered":"<p>Sacoche \u00e0 bandouli\u00e8re tout terrain en polyester 600D robuste propos\u00e9 en diff\u00e9rentes couleurs. Fermeture zipp\u00e9e avec tire-zip pour faciliter l\u00b4ouverture. Fermeture \u00e0 clip du rabat et poche zipp\u00e9e avec tirette&#8230;<\/p>\n","protected":false},"featured_media":23379,"template":"","meta":[],"product_cat":[338],"product_tag":[],"class_list":{"0":"post-23380","1":"product","2":"type-product","3":"status-publish","4":"has-post-thumbnail","6":"product_cat-voyage-bagagerie","8":"first","9":"instock","10":"shipping-taxable","11":"purchasable","12":"product-type-simple"},"_links":{"self":[{"href":"https:\/\/www.hapy-com.fr\/echoppe\/wp-json\/wp\/v2\/product\/23380","targetHints":{"allow":["GET"]}}],"collection":[{"href":"https:\/\/www.hapy-com.fr\/echoppe\/wp-json\/wp\/v2\/product"}],"about":[{"href":"https:\/\/www.hapy-com.fr\/echoppe\/wp-json\/wp\/v2\/types\/product"}],"wp:featuredmedia":[{"embeddable":true,"href":"https:\/\/www.hapy-com.fr\/echoppe\/wp-json\/wp\/v2\/media\/23379"}],"wp:attachment":[{"href":"https:\/\/www.hapy-com.fr\/echoppe\/wp-json\/wp\/v2\/media?parent=23380"}],"wp:term":[{"taxonomy":"product_cat","embeddable":true,"href":"https:\/\/www.hapy-com.fr\/echoppe\/wp-json\/wp\/v2\/product_cat?post=23380"},{"taxonomy":"product_tag","embeddable":true,"href":"https:\/\/www.hapy-com.fr\/echoppe\/wp-json\/wp\/v2\/product_tag?post=23380"}],"curies":[{"name":"wp","href":"https:\/\/api.w.org\/{rel}","templated":true}]}}