{"id":23434,"date":"2022-06-24T14:02:21","date_gmt":"2022-06-24T12:02:21","guid":{"rendered":"http:\/\/www.hapy-com.fr\/echoppe\/product\/sac-novo-6\/"},"modified":"2022-06-24T14:02:21","modified_gmt":"2022-06-24T12:02:21","slug":"sac-novo-6","status":"publish","type":"product","link":"https:\/\/www.hapy-com.fr\/echoppe\/product\/sac-novo-6\/","title":{"rendered":"Sac Novo"},"content":{"rendered":"<p>Sac multifonctions bicolore en polyester 600D r\u00e9sistant avec passepoil de renfort blanc et fond assorti. Coloris vari\u00e9s. Compartiment principal et poche ext\u00e9rieure avec fermeture zipp\u00e9e assortie. Poign\u00e9es assorties en nylon r\u00e9sistant avec fermeture velcro et bandouli\u00e8re r\u00e9glable \u00e0 double mousquetons.<\/p>\n","protected":false},"excerpt":{"rendered":"<p>Sac multifonctions bicolore en polyester 600D r\u00e9sistant avec passepoil de renfort blanc et fond assorti. Coloris vari\u00e9s. Compartiment principal et poche ext\u00e9rieure avec fermeture zipp\u00e9e assortie. Poign\u00e9es assorties en nylon&#8230;<\/p>\n","protected":false},"featured_media":23433,"template":"","meta":[],"product_cat":[338],"product_tag":[],"class_list":{"0":"post-23434","1":"product","2":"type-product","3":"status-publish","4":"has-post-thumbnail","6":"product_cat-voyage-bagagerie","8":"first","9":"instock","10":"shipping-taxable","11":"purchasable","12":"product-type-simple"},"_links":{"self":[{"href":"https:\/\/www.hapy-com.fr\/echoppe\/wp-json\/wp\/v2\/product\/23434","targetHints":{"allow":["GET"]}}],"collection":[{"href":"https:\/\/www.hapy-com.fr\/echoppe\/wp-json\/wp\/v2\/product"}],"about":[{"href":"https:\/\/www.hapy-com.fr\/echoppe\/wp-json\/wp\/v2\/types\/product"}],"wp:featuredmedia":[{"embeddable":true,"href":"https:\/\/www.hapy-com.fr\/echoppe\/wp-json\/wp\/v2\/media\/23433"}],"wp:attachment":[{"href":"https:\/\/www.hapy-com.fr\/echoppe\/wp-json\/wp\/v2\/media?parent=23434"}],"wp:term":[{"taxonomy":"product_cat","embeddable":true,"href":"https:\/\/www.hapy-com.fr\/echoppe\/wp-json\/wp\/v2\/product_cat?post=23434"},{"taxonomy":"product_tag","embeddable":true,"href":"https:\/\/www.hapy-com.fr\/echoppe\/wp-json\/wp\/v2\/product_tag?post=23434"}],"curies":[{"name":"wp","href":"https:\/\/api.w.org\/{rel}","templated":true}]}}