{"id":23446,"date":"2022-06-24T14:02:32","date_gmt":"2022-06-24T12:02:32","guid":{"rendered":"http:\/\/www.hapy-com.fr\/echoppe\/product\/banane-crown-2\/"},"modified":"2022-06-24T14:02:32","modified_gmt":"2022-06-24T12:02:32","slug":"banane-crown-2","status":"publish","type":"product","link":"https:\/\/www.hapy-com.fr\/echoppe\/product\/banane-crown-2\/","title":{"rendered":"Banane Crown"},"content":{"rendered":"<p>Sac banane en polyester 420D r\u00e9sistant disponible en diff\u00e9rentes couleurs. Avec 4 poches zipp\u00e9es et clip r\u00e9glable pour la ceinture. Con\u00e7u pour le sport et les loisirs.<\/p>\n","protected":false},"excerpt":{"rendered":"<p>Sac banane en polyester 420D r\u00e9sistant disponible en diff\u00e9rentes couleurs. Avec 4 poches zipp\u00e9es et clip r\u00e9glable pour la ceinture. Con\u00e7u pour le sport et les loisirs.<\/p>\n","protected":false},"featured_media":23445,"template":"","meta":[],"product_cat":[338],"product_tag":[],"class_list":{"0":"post-23446","1":"product","2":"type-product","3":"status-publish","4":"has-post-thumbnail","6":"product_cat-voyage-bagagerie","8":"first","9":"instock","10":"shipping-taxable","11":"purchasable","12":"product-type-simple"},"_links":{"self":[{"href":"https:\/\/www.hapy-com.fr\/echoppe\/wp-json\/wp\/v2\/product\/23446","targetHints":{"allow":["GET"]}}],"collection":[{"href":"https:\/\/www.hapy-com.fr\/echoppe\/wp-json\/wp\/v2\/product"}],"about":[{"href":"https:\/\/www.hapy-com.fr\/echoppe\/wp-json\/wp\/v2\/types\/product"}],"wp:featuredmedia":[{"embeddable":true,"href":"https:\/\/www.hapy-com.fr\/echoppe\/wp-json\/wp\/v2\/media\/23445"}],"wp:attachment":[{"href":"https:\/\/www.hapy-com.fr\/echoppe\/wp-json\/wp\/v2\/media?parent=23446"}],"wp:term":[{"taxonomy":"product_cat","embeddable":true,"href":"https:\/\/www.hapy-com.fr\/echoppe\/wp-json\/wp\/v2\/product_cat?post=23446"},{"taxonomy":"product_tag","embeddable":true,"href":"https:\/\/www.hapy-com.fr\/echoppe\/wp-json\/wp\/v2\/product_tag?post=23446"}],"curies":[{"name":"wp","href":"https:\/\/api.w.org\/{rel}","templated":true}]}}