{"id":23468,"date":"2022-06-24T14:02:49","date_gmt":"2022-06-24T12:02:49","guid":{"rendered":"http:\/\/www.hapy-com.fr\/echoppe\/product\/balluchon-rover-5\/"},"modified":"2022-06-24T14:02:49","modified_gmt":"2022-06-24T12:02:49","slug":"balluchon-rover-5","status":"publish","type":"product","link":"https:\/\/www.hapy-com.fr\/echoppe\/product\/balluchon-rover-5\/","title":{"rendered":"Balluchon Rover"},"content":{"rendered":"<p>Sac baluchon polyvalent en 100% coton propos\u00e9 en couleurs vives. Fermeture sur la partie sup\u00e9rieure par des cordes de serrage r\u00e9sistantes. Avec accessoire de r\u00e9glage et \u0153illets m\u00e9talliques renforc\u00e9s sur le dessus et le c\u00f4t\u00e9.<\/p>\n","protected":false},"excerpt":{"rendered":"<p>Sac baluchon polyvalent en 100% coton propos\u00e9 en couleurs vives. Fermeture sur la partie sup\u00e9rieure par des cordes de serrage r\u00e9sistantes. Avec accessoire de r\u00e9glage et \u0153illets m\u00e9talliques renforc\u00e9s sur&#8230;<\/p>\n","protected":false},"featured_media":23467,"template":"","meta":[],"product_cat":[338],"product_tag":[],"class_list":{"0":"post-23468","1":"product","2":"type-product","3":"status-publish","4":"has-post-thumbnail","6":"product_cat-voyage-bagagerie","8":"first","9":"instock","10":"shipping-taxable","11":"purchasable","12":"product-type-simple"},"_links":{"self":[{"href":"https:\/\/www.hapy-com.fr\/echoppe\/wp-json\/wp\/v2\/product\/23468","targetHints":{"allow":["GET"]}}],"collection":[{"href":"https:\/\/www.hapy-com.fr\/echoppe\/wp-json\/wp\/v2\/product"}],"about":[{"href":"https:\/\/www.hapy-com.fr\/echoppe\/wp-json\/wp\/v2\/types\/product"}],"wp:featuredmedia":[{"embeddable":true,"href":"https:\/\/www.hapy-com.fr\/echoppe\/wp-json\/wp\/v2\/media\/23467"}],"wp:attachment":[{"href":"https:\/\/www.hapy-com.fr\/echoppe\/wp-json\/wp\/v2\/media?parent=23468"}],"wp:term":[{"taxonomy":"product_cat","embeddable":true,"href":"https:\/\/www.hapy-com.fr\/echoppe\/wp-json\/wp\/v2\/product_cat?post=23468"},{"taxonomy":"product_tag","embeddable":true,"href":"https:\/\/www.hapy-com.fr\/echoppe\/wp-json\/wp\/v2\/product_tag?post=23468"}],"curies":[{"name":"wp","href":"https:\/\/api.w.org\/{rel}","templated":true}]}}