{"id":23487,"date":"2022-06-24T14:03:08","date_gmt":"2022-06-24T12:03:08","guid":{"rendered":"http:\/\/www.hapy-com.fr\/echoppe\/product\/bandouliere-jasmine-3\/"},"modified":"2022-06-24T14:03:08","modified_gmt":"2022-06-24T12:03:08","slug":"bandouliere-jasmine-3","status":"publish","type":"product","link":"https:\/\/www.hapy-com.fr\/echoppe\/product\/bandouliere-jasmine-3\/","title":{"rendered":"Bandouli\u00e8re Jasmine"},"content":{"rendered":"<p>Sac \u00e0 bandouli\u00e8re en intiss\u00e9 de grande taille avec rabat ferm\u00e9 par velcro. Finition bicolore propos\u00e9e en diff\u00e9rents coloris. Bandouli\u00e8re confortable.<\/p>\n","protected":false},"excerpt":{"rendered":"<p>Sac \u00e0 bandouli\u00e8re en intiss\u00e9 de grande taille avec rabat ferm\u00e9 par velcro. Finition bicolore propos\u00e9e en diff\u00e9rents coloris. Bandouli\u00e8re confortable.<\/p>\n","protected":false},"featured_media":23486,"template":"","meta":[],"product_cat":[338],"product_tag":[],"class_list":{"0":"post-23487","1":"product","2":"type-product","3":"status-publish","4":"has-post-thumbnail","6":"product_cat-voyage-bagagerie","8":"first","9":"instock","10":"shipping-taxable","11":"purchasable","12":"product-type-simple"},"_links":{"self":[{"href":"https:\/\/www.hapy-com.fr\/echoppe\/wp-json\/wp\/v2\/product\/23487","targetHints":{"allow":["GET"]}}],"collection":[{"href":"https:\/\/www.hapy-com.fr\/echoppe\/wp-json\/wp\/v2\/product"}],"about":[{"href":"https:\/\/www.hapy-com.fr\/echoppe\/wp-json\/wp\/v2\/types\/product"}],"wp:featuredmedia":[{"embeddable":true,"href":"https:\/\/www.hapy-com.fr\/echoppe\/wp-json\/wp\/v2\/media\/23486"}],"wp:attachment":[{"href":"https:\/\/www.hapy-com.fr\/echoppe\/wp-json\/wp\/v2\/media?parent=23487"}],"wp:term":[{"taxonomy":"product_cat","embeddable":true,"href":"https:\/\/www.hapy-com.fr\/echoppe\/wp-json\/wp\/v2\/product_cat?post=23487"},{"taxonomy":"product_tag","embeddable":true,"href":"https:\/\/www.hapy-com.fr\/echoppe\/wp-json\/wp\/v2\/product_tag?post=23487"}],"curies":[{"name":"wp","href":"https:\/\/api.w.org\/{rel}","templated":true}]}}