{"id":23491,"date":"2022-06-24T14:03:12","date_gmt":"2022-06-24T12:03:12","guid":{"rendered":"http:\/\/www.hapy-com.fr\/echoppe\/product\/sac-lai\/"},"modified":"2022-06-24T14:03:12","modified_gmt":"2022-06-24T12:03:12","slug":"sac-lai","status":"publish","type":"product","link":"https:\/\/www.hapy-com.fr\/echoppe\/product\/sac-lai\/","title":{"rendered":"Sac Lai"},"content":{"rendered":"<p>Sac multi-usages de grande contenance en polyester 600D r\u00e9sistant.Bicolore avec c\u00f4t\u00e9s et fond de couleur noire et passepoil assorti. Compartiment principal avec fermeture zipp\u00e9e \u00e0 double curseurs et poche ext\u00e9rieure \u00e0 fermeture zipp\u00e9e. Compartiment ext\u00e9rieur en filet ferm\u00e9 par cordon avec accessoire de serrage. Poign\u00e9es r\u00e9sistantes en nylon avec fermeture velcro assorti. Bandouli\u00e8re r\u00e9glable \u00e0 double mousqueton et prot\u00e8ge-\u00e9paules. Base renforc\u00e9e.<\/p>\n","protected":false},"excerpt":{"rendered":"<p>Sac multi-usages de grande contenance en polyester 600D r\u00e9sistant.Bicolore avec c\u00f4t\u00e9s et fond de couleur noire et passepoil assorti. Compartiment principal avec fermeture zipp\u00e9e \u00e0 double curseurs et poche ext\u00e9rieure&#8230;<\/p>\n","protected":false},"featured_media":23489,"template":"","meta":[],"product_cat":[338],"product_tag":[],"class_list":{"0":"post-23491","1":"product","2":"type-product","3":"status-publish","4":"has-post-thumbnail","6":"product_cat-voyage-bagagerie","8":"first","9":"instock","10":"shipping-taxable","11":"purchasable","12":"product-type-simple"},"_links":{"self":[{"href":"https:\/\/www.hapy-com.fr\/echoppe\/wp-json\/wp\/v2\/product\/23491","targetHints":{"allow":["GET"]}}],"collection":[{"href":"https:\/\/www.hapy-com.fr\/echoppe\/wp-json\/wp\/v2\/product"}],"about":[{"href":"https:\/\/www.hapy-com.fr\/echoppe\/wp-json\/wp\/v2\/types\/product"}],"wp:featuredmedia":[{"embeddable":true,"href":"https:\/\/www.hapy-com.fr\/echoppe\/wp-json\/wp\/v2\/media\/23489"}],"wp:attachment":[{"href":"https:\/\/www.hapy-com.fr\/echoppe\/wp-json\/wp\/v2\/media?parent=23491"}],"wp:term":[{"taxonomy":"product_cat","embeddable":true,"href":"https:\/\/www.hapy-com.fr\/echoppe\/wp-json\/wp\/v2\/product_cat?post=23491"},{"taxonomy":"product_tag","embeddable":true,"href":"https:\/\/www.hapy-com.fr\/echoppe\/wp-json\/wp\/v2\/product_tag?post=23491"}],"curies":[{"name":"wp","href":"https:\/\/api.w.org\/{rel}","templated":true}]}}