{"id":23503,"date":"2022-06-24T14:03:23","date_gmt":"2022-06-24T12:03:23","guid":{"rendered":"http:\/\/www.hapy-com.fr\/echoppe\/product\/bandouliere-criss-5\/"},"modified":"2022-06-24T14:03:23","modified_gmt":"2022-06-24T12:03:23","slug":"bandouliere-criss-5","status":"publish","type":"product","link":"https:\/\/www.hapy-com.fr\/echoppe\/product\/bandouliere-criss-5\/","title":{"rendered":"Bandouli\u00e8re Criss"},"content":{"rendered":"<p>Sac \u00e0 bandouli\u00e8re fourre-tout en polyester 600D haute densit\u00e9 aux couleurs vari\u00e9es avec fermeture \u00e0 glissi\u00e8re. Poche ext\u00e9rieure frontale avec fermeture \u00e0 glissi\u00e8re, accessoire pour ceinture au dos et lani\u00e8re d\u00b4\u00e9paule ajustable de couleur assortie.<\/p>\n","protected":false},"excerpt":{"rendered":"<p>Sac \u00e0 bandouli\u00e8re fourre-tout en polyester 600D haute densit\u00e9 aux couleurs vari\u00e9es avec fermeture \u00e0 glissi\u00e8re. Poche ext\u00e9rieure frontale avec fermeture \u00e0 glissi\u00e8re, accessoire pour ceinture au dos et lani\u00e8re&#8230;<\/p>\n","protected":false},"featured_media":23502,"template":"","meta":[],"product_cat":[338],"product_tag":[],"class_list":{"0":"post-23503","1":"product","2":"type-product","3":"status-publish","4":"has-post-thumbnail","6":"product_cat-voyage-bagagerie","8":"first","9":"instock","10":"shipping-taxable","11":"purchasable","12":"product-type-simple"},"_links":{"self":[{"href":"https:\/\/www.hapy-com.fr\/echoppe\/wp-json\/wp\/v2\/product\/23503","targetHints":{"allow":["GET"]}}],"collection":[{"href":"https:\/\/www.hapy-com.fr\/echoppe\/wp-json\/wp\/v2\/product"}],"about":[{"href":"https:\/\/www.hapy-com.fr\/echoppe\/wp-json\/wp\/v2\/types\/product"}],"wp:featuredmedia":[{"embeddable":true,"href":"https:\/\/www.hapy-com.fr\/echoppe\/wp-json\/wp\/v2\/media\/23502"}],"wp:attachment":[{"href":"https:\/\/www.hapy-com.fr\/echoppe\/wp-json\/wp\/v2\/media?parent=23503"}],"wp:term":[{"taxonomy":"product_cat","embeddable":true,"href":"https:\/\/www.hapy-com.fr\/echoppe\/wp-json\/wp\/v2\/product_cat?post=23503"},{"taxonomy":"product_tag","embeddable":true,"href":"https:\/\/www.hapy-com.fr\/echoppe\/wp-json\/wp\/v2\/product_tag?post=23503"}],"curies":[{"name":"wp","href":"https:\/\/api.w.org\/{rel}","templated":true}]}}