{"id":23538,"date":"2022-06-24T14:04:05","date_gmt":"2022-06-24T12:04:05","guid":{"rendered":"http:\/\/www.hapy-com.fr\/echoppe\/product\/poncho-remo\/"},"modified":"2022-06-24T14:04:05","modified_gmt":"2022-06-24T12:04:05","slug":"poncho-remo","status":"publish","type":"product","link":"https:\/\/www.hapy-com.fr\/echoppe\/product\/poncho-remo\/","title":{"rendered":"Poncho Remo"},"content":{"rendered":"<p>Poncho en PEHD aux couleurs vives et finition thermosoud\u00e9e. Pr\u00e9sent\u00e9 dans un sac transparent individuel. Taille unique pour adultes 127x102cm.<\/p>\n","protected":false},"excerpt":{"rendered":"<p>Poncho en PEHD aux couleurs vives et finition thermosoud\u00e9e. Pr\u00e9sent\u00e9 dans un sac transparent individuel. Taille unique pour adultes 127x102cm.<\/p>\n","protected":false},"featured_media":23536,"template":"","meta":[],"product_cat":[361],"product_tag":[],"class_list":{"0":"post-23538","1":"product","2":"type-product","3":"status-publish","4":"has-post-thumbnail","6":"product_cat-pluie-et-froid","8":"first","9":"instock","10":"shipping-taxable","11":"purchasable","12":"product-type-simple"},"_links":{"self":[{"href":"https:\/\/www.hapy-com.fr\/echoppe\/wp-json\/wp\/v2\/product\/23538","targetHints":{"allow":["GET"]}}],"collection":[{"href":"https:\/\/www.hapy-com.fr\/echoppe\/wp-json\/wp\/v2\/product"}],"about":[{"href":"https:\/\/www.hapy-com.fr\/echoppe\/wp-json\/wp\/v2\/types\/product"}],"wp:featuredmedia":[{"embeddable":true,"href":"https:\/\/www.hapy-com.fr\/echoppe\/wp-json\/wp\/v2\/media\/23536"}],"wp:attachment":[{"href":"https:\/\/www.hapy-com.fr\/echoppe\/wp-json\/wp\/v2\/media?parent=23538"}],"wp:term":[{"taxonomy":"product_cat","embeddable":true,"href":"https:\/\/www.hapy-com.fr\/echoppe\/wp-json\/wp\/v2\/product_cat?post=23538"},{"taxonomy":"product_tag","embeddable":true,"href":"https:\/\/www.hapy-com.fr\/echoppe\/wp-json\/wp\/v2\/product_tag?post=23538"}],"curies":[{"name":"wp","href":"https:\/\/api.w.org\/{rel}","templated":true}]}}