{"id":23556,"date":"2022-06-24T14:04:21","date_gmt":"2022-06-24T12:04:21","guid":{"rendered":"http:\/\/www.hapy-com.fr\/echoppe\/product\/parapluie-altis-3\/"},"modified":"2022-06-24T14:04:21","modified_gmt":"2022-06-24T12:04:21","slug":"parapluie-altis-3","status":"publish","type":"product","link":"https:\/\/www.hapy-com.fr\/echoppe\/product\/parapluie-altis-3\/","title":{"rendered":"Parapluie Altis"},"content":{"rendered":"<p>Parapluie \u00e0 8 panneaux avec syst\u00e8me anti-vent disponible dans une vari\u00e9t\u00e9 de couleurs vives. 105 cm de diam\u00e8tre, ouverture manuelle et polyester r\u00e9sistant. Avec  baleines m\u00e9talliques noires, fermeture par velcro . Poign\u00e9e ergonomique douce avec une sangle de transport.<\/p>\n","protected":false},"excerpt":{"rendered":"<p>Parapluie \u00e0 8 panneaux avec syst\u00e8me anti-vent disponible dans une vari\u00e9t\u00e9 de couleurs vives. 105 cm de diam\u00e8tre, ouverture manuelle et polyester r\u00e9sistant. Avec baleines m\u00e9talliques noires, fermeture par velcro&#8230;<\/p>\n","protected":false},"featured_media":23555,"template":"","meta":[],"product_cat":[361],"product_tag":[],"class_list":{"0":"post-23556","1":"product","2":"type-product","3":"status-publish","4":"has-post-thumbnail","6":"product_cat-pluie-et-froid","8":"first","9":"instock","10":"shipping-taxable","11":"purchasable","12":"product-type-simple"},"_links":{"self":[{"href":"https:\/\/www.hapy-com.fr\/echoppe\/wp-json\/wp\/v2\/product\/23556","targetHints":{"allow":["GET"]}}],"collection":[{"href":"https:\/\/www.hapy-com.fr\/echoppe\/wp-json\/wp\/v2\/product"}],"about":[{"href":"https:\/\/www.hapy-com.fr\/echoppe\/wp-json\/wp\/v2\/types\/product"}],"wp:featuredmedia":[{"embeddable":true,"href":"https:\/\/www.hapy-com.fr\/echoppe\/wp-json\/wp\/v2\/media\/23555"}],"wp:attachment":[{"href":"https:\/\/www.hapy-com.fr\/echoppe\/wp-json\/wp\/v2\/media?parent=23556"}],"wp:term":[{"taxonomy":"product_cat","embeddable":true,"href":"https:\/\/www.hapy-com.fr\/echoppe\/wp-json\/wp\/v2\/product_cat?post=23556"},{"taxonomy":"product_tag","embeddable":true,"href":"https:\/\/www.hapy-com.fr\/echoppe\/wp-json\/wp\/v2\/product_tag?post=23556"}],"curies":[{"name":"wp","href":"https:\/\/api.w.org\/{rel}","templated":true}]}}