{"id":23571,"date":"2022-06-24T14:04:31","date_gmt":"2022-06-24T12:04:31","guid":{"rendered":"http:\/\/www.hapy-com.fr\/echoppe\/product\/impermeable-hydrus-2\/"},"modified":"2022-06-24T14:04:31","modified_gmt":"2022-06-24T12:04:31","slug":"impermeable-hydrus-2","status":"publish","type":"product","link":"https:\/\/www.hapy-com.fr\/echoppe\/product\/impermeable-hydrus-2\/","title":{"rendered":"Imperm\u00e9able Hydrus"},"content":{"rendered":"<p>Imperm\u00e9able en EVA r\u00e9sistant avec finition thermoscell\u00e9e dans une large gamme de couleurs. Capuche de douche avec bretelles r\u00e9glables, fermoir principal et poches \u00e0 rabat lat\u00e9ral. Taille unique pour adultes.<\/p>\n","protected":false},"excerpt":{"rendered":"<p>Imperm\u00e9able en EVA r\u00e9sistant avec finition thermoscell\u00e9e dans une large gamme de couleurs. Capuche de douche avec bretelles r\u00e9glables, fermoir principal et poches \u00e0 rabat lat\u00e9ral. Taille unique pour adultes.<\/p>\n","protected":false},"featured_media":23570,"template":"","meta":[],"product_cat":[361],"product_tag":[],"class_list":{"0":"post-23571","1":"product","2":"type-product","3":"status-publish","4":"has-post-thumbnail","6":"product_cat-pluie-et-froid","8":"first","9":"instock","10":"shipping-taxable","11":"purchasable","12":"product-type-simple"},"_links":{"self":[{"href":"https:\/\/www.hapy-com.fr\/echoppe\/wp-json\/wp\/v2\/product\/23571","targetHints":{"allow":["GET"]}}],"collection":[{"href":"https:\/\/www.hapy-com.fr\/echoppe\/wp-json\/wp\/v2\/product"}],"about":[{"href":"https:\/\/www.hapy-com.fr\/echoppe\/wp-json\/wp\/v2\/types\/product"}],"wp:featuredmedia":[{"embeddable":true,"href":"https:\/\/www.hapy-com.fr\/echoppe\/wp-json\/wp\/v2\/media\/23570"}],"wp:attachment":[{"href":"https:\/\/www.hapy-com.fr\/echoppe\/wp-json\/wp\/v2\/media?parent=23571"}],"wp:term":[{"taxonomy":"product_cat","embeddable":true,"href":"https:\/\/www.hapy-com.fr\/echoppe\/wp-json\/wp\/v2\/product_cat?post=23571"},{"taxonomy":"product_tag","embeddable":true,"href":"https:\/\/www.hapy-com.fr\/echoppe\/wp-json\/wp\/v2\/product_tag?post=23571"}],"curies":[{"name":"wp","href":"https:\/\/api.w.org\/{rel}","templated":true}]}}