{"id":23591,"date":"2022-06-24T14:04:47","date_gmt":"2022-06-24T12:04:47","guid":{"rendered":"http:\/\/www.hapy-com.fr\/echoppe\/product\/poncho-zaril-4\/"},"modified":"2022-06-24T14:04:47","modified_gmt":"2022-06-24T12:04:47","slug":"poncho-zaril-4","status":"publish","type":"product","link":"https:\/\/www.hapy-com.fr\/echoppe\/product\/poncho-zaril-4\/","title":{"rendered":"Poncho Zaril"},"content":{"rendered":"<p>Poncho en PEVA r\u00e9sistant avec finition thermosoud\u00e9e dans une large gamme de couleurs. Avec fermetures lat\u00e9rales du fermoir et pr\u00e9sent\u00e9 dans un sac individuel \u00e0 assortir avec le haut en filet et cordon avec accessoire de r\u00e9glage. Taille unique pour adulte.<\/p>\n","protected":false},"excerpt":{"rendered":"<p>Poncho en PEVA r\u00e9sistant avec finition thermosoud\u00e9e dans une large gamme de couleurs. Avec fermetures lat\u00e9rales du fermoir et pr\u00e9sent\u00e9 dans un sac individuel \u00e0 assortir avec le haut en&#8230;<\/p>\n","protected":false},"featured_media":23590,"template":"","meta":[],"product_cat":[361],"product_tag":[],"class_list":{"0":"post-23591","1":"product","2":"type-product","3":"status-publish","4":"has-post-thumbnail","6":"product_cat-pluie-et-froid","8":"first","9":"instock","10":"shipping-taxable","11":"purchasable","12":"product-type-simple"},"_links":{"self":[{"href":"https:\/\/www.hapy-com.fr\/echoppe\/wp-json\/wp\/v2\/product\/23591","targetHints":{"allow":["GET"]}}],"collection":[{"href":"https:\/\/www.hapy-com.fr\/echoppe\/wp-json\/wp\/v2\/product"}],"about":[{"href":"https:\/\/www.hapy-com.fr\/echoppe\/wp-json\/wp\/v2\/types\/product"}],"wp:featuredmedia":[{"embeddable":true,"href":"https:\/\/www.hapy-com.fr\/echoppe\/wp-json\/wp\/v2\/media\/23590"}],"wp:attachment":[{"href":"https:\/\/www.hapy-com.fr\/echoppe\/wp-json\/wp\/v2\/media?parent=23591"}],"wp:term":[{"taxonomy":"product_cat","embeddable":true,"href":"https:\/\/www.hapy-com.fr\/echoppe\/wp-json\/wp\/v2\/product_cat?post=23591"},{"taxonomy":"product_tag","embeddable":true,"href":"https:\/\/www.hapy-com.fr\/echoppe\/wp-json\/wp\/v2\/product_tag?post=23591"}],"curies":[{"name":"wp","href":"https:\/\/api.w.org\/{rel}","templated":true}]}}