{"id":23595,"date":"2022-06-24T14:04:50","date_gmt":"2022-06-24T12:04:50","guid":{"rendered":"http:\/\/www.hapy-com.fr\/echoppe\/product\/couverture-menex-2\/"},"modified":"2022-06-24T14:04:50","modified_gmt":"2022-06-24T12:04:50","slug":"couverture-menex-2","status":"publish","type":"product","link":"https:\/\/www.hapy-com.fr\/echoppe\/product\/couverture-menex-2\/","title":{"rendered":"Couverture Menex"},"content":{"rendered":"<p>Couverture de dimensions 120 x 150 cm. Gamme de coloris vari\u00e9s. Mati\u00e8re polaire Fleece anti-boulochage de 180g\/m2. *Pour les commandes avec impression, le co\u00fbt du marquage doit \u00eatre major\u00e9 de + 0,20 \/ unit\u00e9 pour traitement sp\u00e9cial.*<\/p>\n","protected":false},"excerpt":{"rendered":"<p>Couverture de dimensions 120 x 150 cm. Gamme de coloris vari\u00e9s. Mati\u00e8re polaire Fleece anti-boulochage de 180g\/m2. *Pour les commandes avec impression, le co\u00fbt du marquage doit \u00eatre major\u00e9 de&#8230;<\/p>\n","protected":false},"featured_media":23593,"template":"","meta":[],"product_cat":[361],"product_tag":[],"class_list":{"0":"post-23595","1":"product","2":"type-product","3":"status-publish","4":"has-post-thumbnail","6":"product_cat-pluie-et-froid","8":"first","9":"instock","10":"shipping-taxable","11":"purchasable","12":"product-type-simple"},"_links":{"self":[{"href":"https:\/\/www.hapy-com.fr\/echoppe\/wp-json\/wp\/v2\/product\/23595","targetHints":{"allow":["GET"]}}],"collection":[{"href":"https:\/\/www.hapy-com.fr\/echoppe\/wp-json\/wp\/v2\/product"}],"about":[{"href":"https:\/\/www.hapy-com.fr\/echoppe\/wp-json\/wp\/v2\/types\/product"}],"wp:featuredmedia":[{"embeddable":true,"href":"https:\/\/www.hapy-com.fr\/echoppe\/wp-json\/wp\/v2\/media\/23593"}],"wp:attachment":[{"href":"https:\/\/www.hapy-com.fr\/echoppe\/wp-json\/wp\/v2\/media?parent=23595"}],"wp:term":[{"taxonomy":"product_cat","embeddable":true,"href":"https:\/\/www.hapy-com.fr\/echoppe\/wp-json\/wp\/v2\/product_cat?post=23595"},{"taxonomy":"product_tag","embeddable":true,"href":"https:\/\/www.hapy-com.fr\/echoppe\/wp-json\/wp\/v2\/product_tag?post=23595"}],"curies":[{"name":"wp","href":"https:\/\/api.w.org\/{rel}","templated":true}]}}