{"id":23611,"date":"2022-06-24T14:05:03","date_gmt":"2022-06-24T12:05:03","guid":{"rendered":"http:\/\/www.hapy-com.fr\/echoppe\/product\/couverture-konjor-4\/"},"modified":"2022-06-24T14:05:03","modified_gmt":"2022-06-24T12:05:03","slug":"couverture-konjor-4","status":"publish","type":"product","link":"https:\/\/www.hapy-com.fr\/echoppe\/product\/couverture-konjor-4\/","title":{"rendered":"Couverture Konjor"},"content":{"rendered":"<p>Couverture 130x160cm dans une large gamme de couleurs vives en microfibre 240g\/m2. Pr\u00e9sent\u00e9 dans un carton argent\u00e9 et un ruban n\u0153ud en polyester doux assorti.<\/p>\n","protected":false},"excerpt":{"rendered":"<p>Couverture 130x160cm dans une large gamme de couleurs vives en microfibre 240g\/m2. Pr\u00e9sent\u00e9 dans un carton argent\u00e9 et un ruban n\u0153ud en polyester doux assorti.<\/p>\n","protected":false},"featured_media":23605,"template":"","meta":[],"product_cat":[361],"product_tag":[],"class_list":{"0":"post-23611","1":"product","2":"type-product","3":"status-publish","4":"has-post-thumbnail","6":"product_cat-pluie-et-froid","8":"first","9":"instock","10":"shipping-taxable","11":"purchasable","12":"product-type-simple"},"_links":{"self":[{"href":"https:\/\/www.hapy-com.fr\/echoppe\/wp-json\/wp\/v2\/product\/23611","targetHints":{"allow":["GET"]}}],"collection":[{"href":"https:\/\/www.hapy-com.fr\/echoppe\/wp-json\/wp\/v2\/product"}],"about":[{"href":"https:\/\/www.hapy-com.fr\/echoppe\/wp-json\/wp\/v2\/types\/product"}],"wp:featuredmedia":[{"embeddable":true,"href":"https:\/\/www.hapy-com.fr\/echoppe\/wp-json\/wp\/v2\/media\/23605"}],"wp:attachment":[{"href":"https:\/\/www.hapy-com.fr\/echoppe\/wp-json\/wp\/v2\/media?parent=23611"}],"wp:term":[{"taxonomy":"product_cat","embeddable":true,"href":"https:\/\/www.hapy-com.fr\/echoppe\/wp-json\/wp\/v2\/product_cat?post=23611"},{"taxonomy":"product_tag","embeddable":true,"href":"https:\/\/www.hapy-com.fr\/echoppe\/wp-json\/wp\/v2\/product_tag?post=23611"}],"curies":[{"name":"wp","href":"https:\/\/api.w.org\/{rel}","templated":true}]}}