{"id":23616,"date":"2022-06-24T14:05:07","date_gmt":"2022-06-24T12:05:07","guid":{"rendered":"http:\/\/www.hapy-com.fr\/echoppe\/product\/tour-de-cou-becks-2\/"},"modified":"2022-06-24T14:05:07","modified_gmt":"2022-06-24T12:05:07","slug":"tour-de-cou-becks-2","status":"publish","type":"product","link":"https:\/\/www.hapy-com.fr\/echoppe\/product\/tour-de-cou-becks-2\/","title":{"rendered":"Tour de Cou Becks"},"content":{"rendered":"<p>Tour de Cou ou de t\u00eate en polyester doux \u00e9lastique et propos\u00e9 dans des couleurs vives fluorescentes.<\/p>\n","protected":false},"excerpt":{"rendered":"<p>Tour de Cou ou de t\u00eate en polyester doux \u00e9lastique et propos\u00e9 dans des couleurs vives fluorescentes.<\/p>\n","protected":false},"featured_media":23615,"template":"","meta":[],"product_cat":[361],"product_tag":[],"class_list":{"0":"post-23616","1":"product","2":"type-product","3":"status-publish","4":"has-post-thumbnail","6":"product_cat-pluie-et-froid","8":"first","9":"instock","10":"shipping-taxable","11":"purchasable","12":"product-type-simple"},"_links":{"self":[{"href":"https:\/\/www.hapy-com.fr\/echoppe\/wp-json\/wp\/v2\/product\/23616","targetHints":{"allow":["GET"]}}],"collection":[{"href":"https:\/\/www.hapy-com.fr\/echoppe\/wp-json\/wp\/v2\/product"}],"about":[{"href":"https:\/\/www.hapy-com.fr\/echoppe\/wp-json\/wp\/v2\/types\/product"}],"wp:featuredmedia":[{"embeddable":true,"href":"https:\/\/www.hapy-com.fr\/echoppe\/wp-json\/wp\/v2\/media\/23615"}],"wp:attachment":[{"href":"https:\/\/www.hapy-com.fr\/echoppe\/wp-json\/wp\/v2\/media?parent=23616"}],"wp:term":[{"taxonomy":"product_cat","embeddable":true,"href":"https:\/\/www.hapy-com.fr\/echoppe\/wp-json\/wp\/v2\/product_cat?post=23616"},{"taxonomy":"product_tag","embeddable":true,"href":"https:\/\/www.hapy-com.fr\/echoppe\/wp-json\/wp\/v2\/product_tag?post=23616"}],"curies":[{"name":"wp","href":"https:\/\/api.w.org\/{rel}","templated":true}]}}