{"id":23620,"date":"2022-06-24T14:05:10","date_gmt":"2022-06-24T12:05:10","guid":{"rendered":"http:\/\/www.hapy-com.fr\/echoppe\/product\/parapluie-hebol\/"},"modified":"2022-06-24T14:05:10","modified_gmt":"2022-06-24T12:05:10","slug":"parapluie-hebol","status":"publish","type":"product","link":"https:\/\/www.hapy-com.fr\/echoppe\/product\/parapluie-hebol\/","title":{"rendered":"Parapluie Hebol"},"content":{"rendered":"<p>Parapluie pliable de haute qualit\u00e9 \u00e0 8 panneaux aux couleurs sobres. 98 cm de diam\u00e8tre, ouverture automatique, en pong\u00e9e r\u00e9sistante. Baleines m\u00e9talliques noires, fermeture velcro et manche ergonomique avec sangle de transport. Pr\u00e9sent\u00e9 dans un fourreau individuel assorti.<\/p>\n","protected":false},"excerpt":{"rendered":"<p>Parapluie pliable de haute qualit\u00e9 \u00e0 8 panneaux aux couleurs sobres. 98 cm de diam\u00e8tre, ouverture automatique, en pong\u00e9e r\u00e9sistante. Baleines m\u00e9talliques noires, fermeture velcro et manche ergonomique avec sangle&#8230;<\/p>\n","protected":false},"featured_media":23618,"template":"","meta":[],"product_cat":[361],"product_tag":[],"class_list":{"0":"post-23620","1":"product","2":"type-product","3":"status-publish","4":"has-post-thumbnail","6":"product_cat-pluie-et-froid","8":"first","9":"instock","10":"shipping-taxable","11":"purchasable","12":"product-type-simple"},"_links":{"self":[{"href":"https:\/\/www.hapy-com.fr\/echoppe\/wp-json\/wp\/v2\/product\/23620","targetHints":{"allow":["GET"]}}],"collection":[{"href":"https:\/\/www.hapy-com.fr\/echoppe\/wp-json\/wp\/v2\/product"}],"about":[{"href":"https:\/\/www.hapy-com.fr\/echoppe\/wp-json\/wp\/v2\/types\/product"}],"wp:featuredmedia":[{"embeddable":true,"href":"https:\/\/www.hapy-com.fr\/echoppe\/wp-json\/wp\/v2\/media\/23618"}],"wp:attachment":[{"href":"https:\/\/www.hapy-com.fr\/echoppe\/wp-json\/wp\/v2\/media?parent=23620"}],"wp:term":[{"taxonomy":"product_cat","embeddable":true,"href":"https:\/\/www.hapy-com.fr\/echoppe\/wp-json\/wp\/v2\/product_cat?post=23620"},{"taxonomy":"product_tag","embeddable":true,"href":"https:\/\/www.hapy-com.fr\/echoppe\/wp-json\/wp\/v2\/product_tag?post=23620"}],"curies":[{"name":"wp","href":"https:\/\/api.w.org\/{rel}","templated":true}]}}