{"id":23636,"date":"2022-06-24T14:05:22","date_gmt":"2022-06-24T12:05:22","guid":{"rendered":"http:\/\/www.hapy-com.fr\/echoppe\/product\/parapluie-rantolf\/"},"modified":"2022-06-24T14:05:22","modified_gmt":"2022-06-24T12:05:22","slug":"parapluie-rantolf","status":"publish","type":"product","link":"https:\/\/www.hapy-com.fr\/echoppe\/product\/parapluie-rantolf\/","title":{"rendered":"Parapluie Rantolf"},"content":{"rendered":"<p>Parapluie \u00e0 8 panneaux disponible dans une gamme de couleurs transparentes et lumineuses. 105 cm de diam\u00e8tre, avec ouverture automatique en POE r\u00e9sistant. Baleines m\u00e9talliques coloris argent. Fermeture par bouton pression.<\/p>\n","protected":false},"excerpt":{"rendered":"<p>Parapluie \u00e0 8 panneaux disponible dans une gamme de couleurs transparentes et lumineuses. 105 cm de diam\u00e8tre, avec ouverture automatique en POE r\u00e9sistant. Baleines m\u00e9talliques coloris argent. Fermeture par bouton&#8230;<\/p>\n","protected":false},"featured_media":23634,"template":"","meta":[],"product_cat":[361],"product_tag":[],"class_list":{"0":"post-23636","1":"product","2":"type-product","3":"status-publish","4":"has-post-thumbnail","6":"product_cat-pluie-et-froid","8":"first","9":"instock","10":"shipping-taxable","11":"purchasable","12":"product-type-simple"},"_links":{"self":[{"href":"https:\/\/www.hapy-com.fr\/echoppe\/wp-json\/wp\/v2\/product\/23636","targetHints":{"allow":["GET"]}}],"collection":[{"href":"https:\/\/www.hapy-com.fr\/echoppe\/wp-json\/wp\/v2\/product"}],"about":[{"href":"https:\/\/www.hapy-com.fr\/echoppe\/wp-json\/wp\/v2\/types\/product"}],"wp:featuredmedia":[{"embeddable":true,"href":"https:\/\/www.hapy-com.fr\/echoppe\/wp-json\/wp\/v2\/media\/23634"}],"wp:attachment":[{"href":"https:\/\/www.hapy-com.fr\/echoppe\/wp-json\/wp\/v2\/media?parent=23636"}],"wp:term":[{"taxonomy":"product_cat","embeddable":true,"href":"https:\/\/www.hapy-com.fr\/echoppe\/wp-json\/wp\/v2\/product_cat?post=23636"},{"taxonomy":"product_tag","embeddable":true,"href":"https:\/\/www.hapy-com.fr\/echoppe\/wp-json\/wp\/v2\/product_tag?post=23636"}],"curies":[{"name":"wp","href":"https:\/\/api.w.org\/{rel}","templated":true}]}}