{"id":23646,"date":"2022-06-24T14:05:30","date_gmt":"2022-06-24T12:05:30","guid":{"rendered":"http:\/\/www.hapy-com.fr\/echoppe\/product\/tour-de-cou-meifar\/"},"modified":"2022-06-24T14:05:30","modified_gmt":"2022-06-24T12:05:30","slug":"tour-de-cou-meifar","status":"publish","type":"product","link":"https:\/\/www.hapy-com.fr\/echoppe\/product\/tour-de-cou-meifar\/","title":{"rendered":"Tour de Cou Meifar"},"content":{"rendered":"<p>Tour de cou ou de t\u00eate dans un m\u00e9lange de polyester doux \u00e9lastique et polaire. Disponible dans une large gamme de couleurs vives.<\/p>\n","protected":false},"excerpt":{"rendered":"<p>Tour de cou ou de t\u00eate dans un m\u00e9lange de polyester doux \u00e9lastique et polaire. Disponible dans une large gamme de couleurs vives.<\/p>\n","protected":false},"featured_media":23644,"template":"","meta":[],"product_cat":[361],"product_tag":[],"class_list":{"0":"post-23646","1":"product","2":"type-product","3":"status-publish","4":"has-post-thumbnail","6":"product_cat-pluie-et-froid","8":"first","9":"instock","10":"shipping-taxable","11":"purchasable","12":"product-type-simple"},"_links":{"self":[{"href":"https:\/\/www.hapy-com.fr\/echoppe\/wp-json\/wp\/v2\/product\/23646","targetHints":{"allow":["GET"]}}],"collection":[{"href":"https:\/\/www.hapy-com.fr\/echoppe\/wp-json\/wp\/v2\/product"}],"about":[{"href":"https:\/\/www.hapy-com.fr\/echoppe\/wp-json\/wp\/v2\/types\/product"}],"wp:featuredmedia":[{"embeddable":true,"href":"https:\/\/www.hapy-com.fr\/echoppe\/wp-json\/wp\/v2\/media\/23644"}],"wp:attachment":[{"href":"https:\/\/www.hapy-com.fr\/echoppe\/wp-json\/wp\/v2\/media?parent=23646"}],"wp:term":[{"taxonomy":"product_cat","embeddable":true,"href":"https:\/\/www.hapy-com.fr\/echoppe\/wp-json\/wp\/v2\/product_cat?post=23646"},{"taxonomy":"product_tag","embeddable":true,"href":"https:\/\/www.hapy-com.fr\/echoppe\/wp-json\/wp\/v2\/product_tag?post=23646"}],"curies":[{"name":"wp","href":"https:\/\/api.w.org\/{rel}","templated":true}]}}