{"id":23650,"date":"2022-06-24T14:05:35","date_gmt":"2022-06-24T12:05:35","guid":{"rendered":"http:\/\/www.hapy-com.fr\/echoppe\/product\/tour-de-cou-meifar-3\/"},"modified":"2022-06-24T14:05:35","modified_gmt":"2022-06-24T12:05:35","slug":"tour-de-cou-meifar-3","status":"publish","type":"product","link":"https:\/\/www.hapy-com.fr\/echoppe\/product\/tour-de-cou-meifar-3\/","title":{"rendered":"Tour de Cou Meifar"},"content":{"rendered":"<p>Tour de cou ou de t\u00eate dans un m\u00e9lange de polyester doux \u00e9lastique et polaire. Disponible dans une large gamme de couleurs vives.<\/p>\n","protected":false},"excerpt":{"rendered":"<p>Tour de cou ou de t\u00eate dans un m\u00e9lange de polyester doux \u00e9lastique et polaire. Disponible dans une large gamme de couleurs vives.<\/p>\n","protected":false},"featured_media":23649,"template":"","meta":[],"product_cat":[361],"product_tag":[],"class_list":{"0":"post-23650","1":"product","2":"type-product","3":"status-publish","4":"has-post-thumbnail","6":"product_cat-pluie-et-froid","8":"first","9":"instock","10":"shipping-taxable","11":"purchasable","12":"product-type-simple"},"_links":{"self":[{"href":"https:\/\/www.hapy-com.fr\/echoppe\/wp-json\/wp\/v2\/product\/23650","targetHints":{"allow":["GET"]}}],"collection":[{"href":"https:\/\/www.hapy-com.fr\/echoppe\/wp-json\/wp\/v2\/product"}],"about":[{"href":"https:\/\/www.hapy-com.fr\/echoppe\/wp-json\/wp\/v2\/types\/product"}],"wp:featuredmedia":[{"embeddable":true,"href":"https:\/\/www.hapy-com.fr\/echoppe\/wp-json\/wp\/v2\/media\/23649"}],"wp:attachment":[{"href":"https:\/\/www.hapy-com.fr\/echoppe\/wp-json\/wp\/v2\/media?parent=23650"}],"wp:term":[{"taxonomy":"product_cat","embeddable":true,"href":"https:\/\/www.hapy-com.fr\/echoppe\/wp-json\/wp\/v2\/product_cat?post=23650"},{"taxonomy":"product_tag","embeddable":true,"href":"https:\/\/www.hapy-com.fr\/echoppe\/wp-json\/wp\/v2\/product_tag?post=23650"}],"curies":[{"name":"wp","href":"https:\/\/api.w.org\/{rel}","templated":true}]}}