{"id":23676,"date":"2022-06-24T14:06:00","date_gmt":"2022-06-24T12:06:00","guid":{"rendered":"http:\/\/www.hapy-com.fr\/echoppe\/product\/couverture-yelix-2\/"},"modified":"2022-06-24T14:06:00","modified_gmt":"2022-06-24T12:06:00","slug":"couverture-yelix-2","status":"publish","type":"product","link":"https:\/\/www.hapy-com.fr\/echoppe\/product\/couverture-yelix-2\/","title":{"rendered":"Couverture Yelix"},"content":{"rendered":"<p>Couverture bicolore de grande qualit\u00e9 en polaire anti-pilling de 280g\/m2 avec renfort dur les c\u00f4t\u00e9s. Dimensions 130 x 160cm. *Pour les commandes avec impression, le co\u00fbt du marquage doit \u00eatre major\u00e9 de + 0,20 \/ unit\u00e9 pour traitement sp\u00e9cial.*<\/p>\n","protected":false},"excerpt":{"rendered":"<p>Couverture bicolore de grande qualit\u00e9 en polaire anti-pilling de 280g\/m2 avec renfort dur les c\u00f4t\u00e9s. Dimensions 130 x 160cm. *Pour les commandes avec impression, le co\u00fbt du marquage doit \u00eatre&#8230;<\/p>\n","protected":false},"featured_media":23675,"template":"","meta":[],"product_cat":[361],"product_tag":[],"class_list":{"0":"post-23676","1":"product","2":"type-product","3":"status-publish","4":"has-post-thumbnail","6":"product_cat-pluie-et-froid","8":"first","9":"instock","10":"shipping-taxable","11":"purchasable","12":"product-type-simple"},"_links":{"self":[{"href":"https:\/\/www.hapy-com.fr\/echoppe\/wp-json\/wp\/v2\/product\/23676","targetHints":{"allow":["GET"]}}],"collection":[{"href":"https:\/\/www.hapy-com.fr\/echoppe\/wp-json\/wp\/v2\/product"}],"about":[{"href":"https:\/\/www.hapy-com.fr\/echoppe\/wp-json\/wp\/v2\/types\/product"}],"wp:featuredmedia":[{"embeddable":true,"href":"https:\/\/www.hapy-com.fr\/echoppe\/wp-json\/wp\/v2\/media\/23675"}],"wp:attachment":[{"href":"https:\/\/www.hapy-com.fr\/echoppe\/wp-json\/wp\/v2\/media?parent=23676"}],"wp:term":[{"taxonomy":"product_cat","embeddable":true,"href":"https:\/\/www.hapy-com.fr\/echoppe\/wp-json\/wp\/v2\/product_cat?post=23676"},{"taxonomy":"product_tag","embeddable":true,"href":"https:\/\/www.hapy-com.fr\/echoppe\/wp-json\/wp\/v2\/product_tag?post=23676"}],"curies":[{"name":"wp","href":"https:\/\/api.w.org\/{rel}","templated":true}]}}