{"id":23680,"date":"2022-06-24T14:06:04","date_gmt":"2022-06-24T12:06:04","guid":{"rendered":"http:\/\/www.hapy-com.fr\/echoppe\/product\/parapluie-reversible-hamfrey\/"},"modified":"2022-06-24T14:06:04","modified_gmt":"2022-06-24T12:06:04","slug":"parapluie-reversible-hamfrey","status":"publish","type":"product","link":"https:\/\/www.hapy-com.fr\/echoppe\/product\/parapluie-reversible-hamfrey\/","title":{"rendered":"Parapluie R\u00e9versible Hamfrey"},"content":{"rendered":"<p>Parapluie r\u00e9versible \u00e0 8 panneaux, en mat\u00e9riau pong\u00e9 r\u00e9sistant de couleurs vives et avec une poign\u00e9e originale mains libres. De 108cm de diam\u00e8tre, avec ouverture manuelle, tiges de fibre et fermeture velcro.<\/p>\n","protected":false},"excerpt":{"rendered":"<p>Parapluie r\u00e9versible \u00e0 8 panneaux, en mat\u00e9riau pong\u00e9 r\u00e9sistant de couleurs vives et avec une poign\u00e9e originale mains libres. De 108cm de diam\u00e8tre, avec ouverture manuelle, tiges de fibre et&#8230;<\/p>\n","protected":false},"featured_media":23678,"template":"","meta":[],"product_cat":[361],"product_tag":[],"class_list":{"0":"post-23680","1":"product","2":"type-product","3":"status-publish","4":"has-post-thumbnail","6":"product_cat-pluie-et-froid","8":"first","9":"instock","10":"shipping-taxable","11":"purchasable","12":"product-type-simple"},"_links":{"self":[{"href":"https:\/\/www.hapy-com.fr\/echoppe\/wp-json\/wp\/v2\/product\/23680","targetHints":{"allow":["GET"]}}],"collection":[{"href":"https:\/\/www.hapy-com.fr\/echoppe\/wp-json\/wp\/v2\/product"}],"about":[{"href":"https:\/\/www.hapy-com.fr\/echoppe\/wp-json\/wp\/v2\/types\/product"}],"wp:featuredmedia":[{"embeddable":true,"href":"https:\/\/www.hapy-com.fr\/echoppe\/wp-json\/wp\/v2\/media\/23678"}],"wp:attachment":[{"href":"https:\/\/www.hapy-com.fr\/echoppe\/wp-json\/wp\/v2\/media?parent=23680"}],"wp:term":[{"taxonomy":"product_cat","embeddable":true,"href":"https:\/\/www.hapy-com.fr\/echoppe\/wp-json\/wp\/v2\/product_cat?post=23680"},{"taxonomy":"product_tag","embeddable":true,"href":"https:\/\/www.hapy-com.fr\/echoppe\/wp-json\/wp\/v2\/product_tag?post=23680"}],"curies":[{"name":"wp","href":"https:\/\/api.w.org\/{rel}","templated":true}]}}