{"id":23696,"date":"2022-06-24T14:06:18","date_gmt":"2022-06-24T12:06:18","guid":{"rendered":"http:\/\/www.hapy-com.fr\/echoppe\/product\/parapluie-babylon-4\/"},"modified":"2022-06-24T14:06:18","modified_gmt":"2022-06-24T12:06:18","slug":"parapluie-babylon-4","status":"publish","type":"product","link":"https:\/\/www.hapy-com.fr\/echoppe\/product\/parapluie-babylon-4\/","title":{"rendered":"Parapluie Babylon"},"content":{"rendered":"<p>Parapluie en pong\u00e9e \u00e0 10 panneaux de forme originale extra large, panneau en POE transparent. Poign\u00e9e originale fonction mains libres. Diam\u00e8tre de 92 cm, ouverture manuelle. Baleines en fibre et fermeture par velcro.<\/p>\n","protected":false},"excerpt":{"rendered":"<p>Parapluie en pong\u00e9e \u00e0 10 panneaux de forme originale extra large, panneau en POE transparent. Poign\u00e9e originale fonction mains libres. Diam\u00e8tre de 92 cm, ouverture manuelle. Baleines en fibre et&#8230;<\/p>\n","protected":false},"featured_media":23695,"template":"","meta":[],"product_cat":[361],"product_tag":[],"class_list":{"0":"post-23696","1":"product","2":"type-product","3":"status-publish","4":"has-post-thumbnail","6":"product_cat-pluie-et-froid","8":"first","9":"instock","10":"shipping-taxable","11":"purchasable","12":"product-type-simple"},"_links":{"self":[{"href":"https:\/\/www.hapy-com.fr\/echoppe\/wp-json\/wp\/v2\/product\/23696","targetHints":{"allow":["GET"]}}],"collection":[{"href":"https:\/\/www.hapy-com.fr\/echoppe\/wp-json\/wp\/v2\/product"}],"about":[{"href":"https:\/\/www.hapy-com.fr\/echoppe\/wp-json\/wp\/v2\/types\/product"}],"wp:featuredmedia":[{"embeddable":true,"href":"https:\/\/www.hapy-com.fr\/echoppe\/wp-json\/wp\/v2\/media\/23695"}],"wp:attachment":[{"href":"https:\/\/www.hapy-com.fr\/echoppe\/wp-json\/wp\/v2\/media?parent=23696"}],"wp:term":[{"taxonomy":"product_cat","embeddable":true,"href":"https:\/\/www.hapy-com.fr\/echoppe\/wp-json\/wp\/v2\/product_cat?post=23696"},{"taxonomy":"product_tag","embeddable":true,"href":"https:\/\/www.hapy-com.fr\/echoppe\/wp-json\/wp\/v2\/product_tag?post=23696"}],"curies":[{"name":"wp","href":"https:\/\/api.w.org\/{rel}","templated":true}]}}