{"id":23703,"date":"2022-06-24T14:06:25","date_gmt":"2022-06-24T12:06:25","guid":{"rendered":"http:\/\/www.hapy-com.fr\/echoppe\/product\/parapluie-halrum-2\/"},"modified":"2022-06-24T14:06:25","modified_gmt":"2022-06-24T12:06:25","slug":"parapluie-halrum-2","status":"publish","type":"product","link":"https:\/\/www.hapy-com.fr\/echoppe\/product\/parapluie-halrum-2\/","title":{"rendered":"Parapluie Halrum"},"content":{"rendered":"<p>Parapluie \u00e0 8 panneaux en polyester r\u00e9sistant propos\u00e9 en couleurs vives. Diametre 105 cm de diam\u00e8tre. Ouverture automatique, avec syst\u00e8me coupe-vent. Baleines en fibre de couleur noire et poign\u00e9e mains-libres originale.<\/p>\n","protected":false},"excerpt":{"rendered":"<p>Parapluie \u00e0 8 panneaux en polyester r\u00e9sistant propos\u00e9 en couleurs vives. Diametre 105 cm de diam\u00e8tre. Ouverture automatique, avec syst\u00e8me coupe-vent. Baleines en fibre de couleur noire et poign\u00e9e mains-libres&#8230;<\/p>\n","protected":false},"featured_media":23702,"template":"","meta":[],"product_cat":[361],"product_tag":[],"class_list":{"0":"post-23703","1":"product","2":"type-product","3":"status-publish","4":"has-post-thumbnail","6":"product_cat-pluie-et-froid","8":"first","9":"instock","10":"shipping-taxable","11":"purchasable","12":"product-type-simple"},"_links":{"self":[{"href":"https:\/\/www.hapy-com.fr\/echoppe\/wp-json\/wp\/v2\/product\/23703","targetHints":{"allow":["GET"]}}],"collection":[{"href":"https:\/\/www.hapy-com.fr\/echoppe\/wp-json\/wp\/v2\/product"}],"about":[{"href":"https:\/\/www.hapy-com.fr\/echoppe\/wp-json\/wp\/v2\/types\/product"}],"wp:featuredmedia":[{"embeddable":true,"href":"https:\/\/www.hapy-com.fr\/echoppe\/wp-json\/wp\/v2\/media\/23702"}],"wp:attachment":[{"href":"https:\/\/www.hapy-com.fr\/echoppe\/wp-json\/wp\/v2\/media?parent=23703"}],"wp:term":[{"taxonomy":"product_cat","embeddable":true,"href":"https:\/\/www.hapy-com.fr\/echoppe\/wp-json\/wp\/v2\/product_cat?post=23703"},{"taxonomy":"product_tag","embeddable":true,"href":"https:\/\/www.hapy-com.fr\/echoppe\/wp-json\/wp\/v2\/product_tag?post=23703"}],"curies":[{"name":"wp","href":"https:\/\/api.w.org\/{rel}","templated":true}]}}