{"id":23728,"date":"2022-06-24T14:06:46","date_gmt":"2022-06-24T12:06:46","guid":{"rendered":"http:\/\/www.hapy-com.fr\/echoppe\/product\/parapluie-cladok-3\/"},"modified":"2022-06-24T14:06:46","modified_gmt":"2022-06-24T12:06:46","slug":"parapluie-cladok-3","status":"publish","type":"product","link":"https:\/\/www.hapy-com.fr\/echoppe\/product\/parapluie-cladok-3\/","title":{"rendered":"Parapluie Cladok"},"content":{"rendered":"<p>Parapluie automatique \u00e0 8 panneaux, en mat\u00e9riau r\u00e9sistant avec syst\u00e8me coupe-vent. Barre d`ouverture et tiges int\u00e9rieures assorties aux panneaux. Poign\u00e9e en mousse bicolore. 105 cm de diam\u00e8tre, ouverture automatique, tiges en fibre et fermeture velcro.<\/p>\n","protected":false},"excerpt":{"rendered":"<p>Parapluie automatique \u00e0 8 panneaux, en mat\u00e9riau r\u00e9sistant avec syst\u00e8me coupe-vent. Barre d`ouverture et tiges int\u00e9rieures assorties aux panneaux. Poign\u00e9e en mousse bicolore. 105 cm de diam\u00e8tre, ouverture automatique, tiges&#8230;<\/p>\n","protected":false},"featured_media":23727,"template":"","meta":[],"product_cat":[361],"product_tag":[],"class_list":{"0":"post-23728","1":"product","2":"type-product","3":"status-publish","4":"has-post-thumbnail","6":"product_cat-pluie-et-froid","8":"first","9":"instock","10":"shipping-taxable","11":"purchasable","12":"product-type-simple"},"_links":{"self":[{"href":"https:\/\/www.hapy-com.fr\/echoppe\/wp-json\/wp\/v2\/product\/23728","targetHints":{"allow":["GET"]}}],"collection":[{"href":"https:\/\/www.hapy-com.fr\/echoppe\/wp-json\/wp\/v2\/product"}],"about":[{"href":"https:\/\/www.hapy-com.fr\/echoppe\/wp-json\/wp\/v2\/types\/product"}],"wp:featuredmedia":[{"embeddable":true,"href":"https:\/\/www.hapy-com.fr\/echoppe\/wp-json\/wp\/v2\/media\/23727"}],"wp:attachment":[{"href":"https:\/\/www.hapy-com.fr\/echoppe\/wp-json\/wp\/v2\/media?parent=23728"}],"wp:term":[{"taxonomy":"product_cat","embeddable":true,"href":"https:\/\/www.hapy-com.fr\/echoppe\/wp-json\/wp\/v2\/product_cat?post=23728"},{"taxonomy":"product_tag","embeddable":true,"href":"https:\/\/www.hapy-com.fr\/echoppe\/wp-json\/wp\/v2\/product_tag?post=23728"}],"curies":[{"name":"wp","href":"https:\/\/api.w.org\/{rel}","templated":true}]}}