{"id":23736,"date":"2022-06-24T14:06:52","date_gmt":"2022-06-24T12:06:52","guid":{"rendered":"http:\/\/www.hapy-com.fr\/echoppe\/product\/parapluie-fantux-2\/"},"modified":"2022-06-24T14:06:52","modified_gmt":"2022-06-24T12:06:52","slug":"parapluie-fantux-2","status":"publish","type":"product","link":"https:\/\/www.hapy-com.fr\/echoppe\/product\/parapluie-fantux-2\/","title":{"rendered":"Parapluie Fantux"},"content":{"rendered":"<p>Parapluie \u00e0 8 panneaux, compl\u00e8tement transparent, avec des d\u00e9tails et une poign\u00e9e dans une vari\u00e9t\u00e9 de couleurs. Diam\u00e8tre 105cm, avec ouverture automatique, syst\u00e8me coupe-vent et en mat\u00e9riau POE r\u00e9sistant. Avec des tiges de fibres noires r\u00e9sistantes, un fermoir et une poign\u00e9e lisse pour une impression facile.<\/p>\n","protected":false},"excerpt":{"rendered":"<p>Parapluie \u00e0 8 panneaux, compl\u00e8tement transparent, avec des d\u00e9tails et une poign\u00e9e dans une vari\u00e9t\u00e9 de couleurs. Diam\u00e8tre 105cm, avec ouverture automatique, syst\u00e8me coupe-vent et en mat\u00e9riau POE r\u00e9sistant. Avec&#8230;<\/p>\n","protected":false},"featured_media":23735,"template":"","meta":[],"product_cat":[361],"product_tag":[],"class_list":{"0":"post-23736","1":"product","2":"type-product","3":"status-publish","4":"has-post-thumbnail","6":"product_cat-pluie-et-froid","8":"first","9":"instock","10":"shipping-taxable","11":"purchasable","12":"product-type-simple"},"_links":{"self":[{"href":"https:\/\/www.hapy-com.fr\/echoppe\/wp-json\/wp\/v2\/product\/23736","targetHints":{"allow":["GET"]}}],"collection":[{"href":"https:\/\/www.hapy-com.fr\/echoppe\/wp-json\/wp\/v2\/product"}],"about":[{"href":"https:\/\/www.hapy-com.fr\/echoppe\/wp-json\/wp\/v2\/types\/product"}],"wp:featuredmedia":[{"embeddable":true,"href":"https:\/\/www.hapy-com.fr\/echoppe\/wp-json\/wp\/v2\/media\/23735"}],"wp:attachment":[{"href":"https:\/\/www.hapy-com.fr\/echoppe\/wp-json\/wp\/v2\/media?parent=23736"}],"wp:term":[{"taxonomy":"product_cat","embeddable":true,"href":"https:\/\/www.hapy-com.fr\/echoppe\/wp-json\/wp\/v2\/product_cat?post=23736"},{"taxonomy":"product_tag","embeddable":true,"href":"https:\/\/www.hapy-com.fr\/echoppe\/wp-json\/wp\/v2\/product_tag?post=23736"}],"curies":[{"name":"wp","href":"https:\/\/api.w.org\/{rel}","templated":true}]}}