{"id":23757,"date":"2022-06-24T14:07:09","date_gmt":"2022-06-24T12:07:09","guid":{"rendered":"http:\/\/www.hapy-com.fr\/echoppe\/product\/gant-tactile-antibacterien-tenex\/"},"modified":"2022-06-24T14:07:09","modified_gmt":"2022-06-24T12:07:09","slug":"gant-tactile-antibacterien-tenex","status":"publish","type":"product","link":"https:\/\/www.hapy-com.fr\/echoppe\/product\/gant-tactile-antibacterien-tenex\/","title":{"rendered":"Gant Tactile Antibact\u00e9rien Tenex"},"content":{"rendered":"<p>Paire de gants antibact\u00e9riens, con\u00e7us pour les appareils \u00e0 \u00e9cran tactile. Finition acrylique chaude et douce en combinaison bicolore. Pointeur au milieu, index et pouce. Taille unique, pour les adultes. Pr\u00e9sent\u00e9 dans un sac individuel.  Les produits avec des traitements antibact\u00e9riens sont capables de r\u00e9duire consid\u00e9rablement les niveaux bact\u00e9riens pr\u00e9sents sur les surfaces des mat\u00e9riaux, gr\u00e2ce \u00e0 l\u00b4ajout d\u00b4agents microbiens statiques permanents, avec une grande efficacit\u00e9 pour inhiber et pr\u00e9venir la contamination bact\u00e9rienne.  Article conforme \u00e0 la norme ISO 20743, qui d\u00e9termine l\u00b4activit\u00e9 antibact\u00e9rienne des produits textiles. Cela nous permet de conna\u00eetre l\u00b4efficacit\u00e9 de l\u00b4inhibition microbienne des additifs sur les objets trait\u00e9s au moyen d\u00b4une \u00e9valuation quantitative.<\/p>\n","protected":false},"excerpt":{"rendered":"<p>Paire de gants antibact\u00e9riens, con\u00e7us pour les appareils \u00e0 \u00e9cran tactile. Finition acrylique chaude et douce en combinaison bicolore. Pointeur au milieu, index et pouce. Taille unique, pour les adultes&#8230;.<\/p>\n","protected":false},"featured_media":23755,"template":"","meta":[],"product_cat":[361],"product_tag":[],"class_list":{"0":"post-23757","1":"product","2":"type-product","3":"status-publish","4":"has-post-thumbnail","6":"product_cat-pluie-et-froid","8":"first","9":"instock","10":"shipping-taxable","11":"purchasable","12":"product-type-simple"},"_links":{"self":[{"href":"https:\/\/www.hapy-com.fr\/echoppe\/wp-json\/wp\/v2\/product\/23757","targetHints":{"allow":["GET"]}}],"collection":[{"href":"https:\/\/www.hapy-com.fr\/echoppe\/wp-json\/wp\/v2\/product"}],"about":[{"href":"https:\/\/www.hapy-com.fr\/echoppe\/wp-json\/wp\/v2\/types\/product"}],"wp:featuredmedia":[{"embeddable":true,"href":"https:\/\/www.hapy-com.fr\/echoppe\/wp-json\/wp\/v2\/media\/23755"}],"wp:attachment":[{"href":"https:\/\/www.hapy-com.fr\/echoppe\/wp-json\/wp\/v2\/media?parent=23757"}],"wp:term":[{"taxonomy":"product_cat","embeddable":true,"href":"https:\/\/www.hapy-com.fr\/echoppe\/wp-json\/wp\/v2\/product_cat?post=23757"},{"taxonomy":"product_tag","embeddable":true,"href":"https:\/\/www.hapy-com.fr\/echoppe\/wp-json\/wp\/v2\/product_tag?post=23757"}],"curies":[{"name":"wp","href":"https:\/\/api.w.org\/{rel}","templated":true}]}}