{"id":23762,"date":"2022-06-24T14:07:14","date_gmt":"2022-06-24T12:07:14","guid":{"rendered":"http:\/\/www.hapy-com.fr\/echoppe\/product\/parapluie-alexon-2\/"},"modified":"2022-06-24T14:07:14","modified_gmt":"2022-06-24T12:07:14","slug":"parapluie-alexon-2","status":"publish","type":"product","link":"https:\/\/www.hapy-com.fr\/echoppe\/product\/parapluie-alexon-2\/","title":{"rendered":"Parapluie Alexon"},"content":{"rendered":"<p>Parapluie pliant 8 panneaux et 98 cm de diam\u00e8tre. Tissu en polyester robuste 190T, avec m\u00e9canisme automatique d\u2019ouverture\/fermeture et syst\u00e8me coupe-vent. Tiges m\u00e9talliques en argent et fibre de verre. Fixation Velcro et poign\u00e9e ergonomique avec ruban adh\u00e9sif. Inclus la pochette correspondante.<\/p>\n","protected":false},"excerpt":{"rendered":"<p>Parapluie pliant 8 panneaux et 98 cm de diam\u00e8tre. Tissu en polyester robuste 190T, avec m\u00e9canisme automatique d\u2019ouverture\/fermeture et syst\u00e8me coupe-vent. Tiges m\u00e9talliques en argent et fibre de verre. Fixation&#8230;<\/p>\n","protected":false},"featured_media":23761,"template":"","meta":[],"product_cat":[361],"product_tag":[],"class_list":{"0":"post-23762","1":"product","2":"type-product","3":"status-publish","4":"has-post-thumbnail","6":"product_cat-pluie-et-froid","8":"first","9":"instock","10":"shipping-taxable","11":"purchasable","12":"product-type-simple"},"_links":{"self":[{"href":"https:\/\/www.hapy-com.fr\/echoppe\/wp-json\/wp\/v2\/product\/23762","targetHints":{"allow":["GET"]}}],"collection":[{"href":"https:\/\/www.hapy-com.fr\/echoppe\/wp-json\/wp\/v2\/product"}],"about":[{"href":"https:\/\/www.hapy-com.fr\/echoppe\/wp-json\/wp\/v2\/types\/product"}],"wp:featuredmedia":[{"embeddable":true,"href":"https:\/\/www.hapy-com.fr\/echoppe\/wp-json\/wp\/v2\/media\/23761"}],"wp:attachment":[{"href":"https:\/\/www.hapy-com.fr\/echoppe\/wp-json\/wp\/v2\/media?parent=23762"}],"wp:term":[{"taxonomy":"product_cat","embeddable":true,"href":"https:\/\/www.hapy-com.fr\/echoppe\/wp-json\/wp\/v2\/product_cat?post=23762"},{"taxonomy":"product_tag","embeddable":true,"href":"https:\/\/www.hapy-com.fr\/echoppe\/wp-json\/wp\/v2\/product_tag?post=23762"}],"curies":[{"name":"wp","href":"https:\/\/api.w.org\/{rel}","templated":true}]}}