{"id":23782,"date":"2022-06-24T14:07:28","date_gmt":"2022-06-24T12:07:28","guid":{"rendered":"http:\/\/www.hapy-com.fr\/echoppe\/product\/echarpe-polar\/"},"modified":"2022-06-24T14:07:28","modified_gmt":"2022-06-24T12:07:28","slug":"echarpe-polar","status":"publish","type":"product","link":"https:\/\/www.hapy-com.fr\/echoppe\/product\/echarpe-polar\/","title":{"rendered":"\u00c9charpe Polar"},"content":{"rendered":"<p>Echarpe polaire douce et chaude en 200g\/m2 avec traitement anti boulochage et extr\u00e9mit\u00e9s \u00e0 franges. Coloris vari\u00e9s.<\/p>\n","protected":false},"excerpt":{"rendered":"<p>Echarpe polaire douce et chaude en 200g\/m2 avec traitement anti boulochage et extr\u00e9mit\u00e9s \u00e0 franges. Coloris vari\u00e9s.<\/p>\n","protected":false},"featured_media":23780,"template":"","meta":[],"product_cat":[361],"product_tag":[],"class_list":{"0":"post-23782","1":"product","2":"type-product","3":"status-publish","4":"has-post-thumbnail","6":"product_cat-pluie-et-froid","8":"first","9":"instock","10":"shipping-taxable","11":"purchasable","12":"product-type-simple"},"_links":{"self":[{"href":"https:\/\/www.hapy-com.fr\/echoppe\/wp-json\/wp\/v2\/product\/23782","targetHints":{"allow":["GET"]}}],"collection":[{"href":"https:\/\/www.hapy-com.fr\/echoppe\/wp-json\/wp\/v2\/product"}],"about":[{"href":"https:\/\/www.hapy-com.fr\/echoppe\/wp-json\/wp\/v2\/types\/product"}],"wp:featuredmedia":[{"embeddable":true,"href":"https:\/\/www.hapy-com.fr\/echoppe\/wp-json\/wp\/v2\/media\/23780"}],"wp:attachment":[{"href":"https:\/\/www.hapy-com.fr\/echoppe\/wp-json\/wp\/v2\/media?parent=23782"}],"wp:term":[{"taxonomy":"product_cat","embeddable":true,"href":"https:\/\/www.hapy-com.fr\/echoppe\/wp-json\/wp\/v2\/product_cat?post=23782"},{"taxonomy":"product_tag","embeddable":true,"href":"https:\/\/www.hapy-com.fr\/echoppe\/wp-json\/wp\/v2\/product_tag?post=23782"}],"curies":[{"name":"wp","href":"https:\/\/api.w.org\/{rel}","templated":true}]}}