{"id":23792,"date":"2022-06-24T14:07:48","date_gmt":"2022-06-24T12:07:48","guid":{"rendered":"http:\/\/www.hapy-com.fr\/echoppe\/product\/tour-de-cou-et-bonnet-articos-2\/"},"modified":"2022-06-24T14:07:48","modified_gmt":"2022-06-24T12:07:48","slug":"tour-de-cou-et-bonnet-articos-2","status":"publish","type":"product","link":"https:\/\/www.hapy-com.fr\/echoppe\/product\/tour-de-cou-et-bonnet-articos-2\/","title":{"rendered":"Tour de Cou et Bonnet Articos"},"content":{"rendered":"<p>Tour de cou ou t\u00eate en polaire fleece de 200g \/ m2 avec traitement anti-boulochage. Dans une gamme vari\u00e9e de couleurs vives et avec fermeture \u00e0 cordon avec accessoire de r\u00e9glage.<\/p>\n","protected":false},"excerpt":{"rendered":"<p>Tour de cou ou t\u00eate en polaire fleece de 200g \/ m2 avec traitement anti-boulochage. Dans une gamme vari\u00e9e de couleurs vives et avec fermeture \u00e0 cordon avec accessoire de&#8230;<\/p>\n","protected":false},"featured_media":23791,"template":"","meta":[],"product_cat":[361],"product_tag":[],"class_list":{"0":"post-23792","1":"product","2":"type-product","3":"status-publish","4":"has-post-thumbnail","6":"product_cat-pluie-et-froid","8":"first","9":"instock","10":"shipping-taxable","11":"purchasable","12":"product-type-simple"},"_links":{"self":[{"href":"https:\/\/www.hapy-com.fr\/echoppe\/wp-json\/wp\/v2\/product\/23792","targetHints":{"allow":["GET"]}}],"collection":[{"href":"https:\/\/www.hapy-com.fr\/echoppe\/wp-json\/wp\/v2\/product"}],"about":[{"href":"https:\/\/www.hapy-com.fr\/echoppe\/wp-json\/wp\/v2\/types\/product"}],"wp:featuredmedia":[{"embeddable":true,"href":"https:\/\/www.hapy-com.fr\/echoppe\/wp-json\/wp\/v2\/media\/23791"}],"wp:attachment":[{"href":"https:\/\/www.hapy-com.fr\/echoppe\/wp-json\/wp\/v2\/media?parent=23792"}],"wp:term":[{"taxonomy":"product_cat","embeddable":true,"href":"https:\/\/www.hapy-com.fr\/echoppe\/wp-json\/wp\/v2\/product_cat?post=23792"},{"taxonomy":"product_tag","embeddable":true,"href":"https:\/\/www.hapy-com.fr\/echoppe\/wp-json\/wp\/v2\/product_tag?post=23792"}],"curies":[{"name":"wp","href":"https:\/\/api.w.org\/{rel}","templated":true}]}}