{"id":23851,"date":"2022-06-24T14:08:38","date_gmt":"2022-06-24T12:08:38","guid":{"rendered":"http:\/\/www.hapy-com.fr\/echoppe\/product\/couverture-mountain-7\/"},"modified":"2022-06-24T14:08:38","modified_gmt":"2022-06-24T12:08:38","slug":"couverture-mountain-7","status":"publish","type":"product","link":"https:\/\/www.hapy-com.fr\/echoppe\/product\/couverture-mountain-7\/","title":{"rendered":"Couverture Mountain"},"content":{"rendered":"<p>Couverture 130x160cm dans une vari\u00e9t\u00e9 de couleurs vives. En mat\u00e9riau polaire fleece anti-pelucheux de 200g \/ m2 et avec poign\u00e9e de fermeture velcro en polyester doux. *Pour les commandes avec impression, le co\u00fbt du marquage doit \u00eatre major\u00e9 de + 0,20 \/ unit\u00e9 pour traitement sp\u00e9cial.*<\/p>\n","protected":false},"excerpt":{"rendered":"<p>Couverture 130x160cm dans une vari\u00e9t\u00e9 de couleurs vives. En mat\u00e9riau polaire fleece anti-pelucheux de 200g \/ m2 et avec poign\u00e9e de fermeture velcro en polyester doux. *Pour les commandes avec&#8230;<\/p>\n","protected":false},"featured_media":23839,"template":"","meta":[],"product_cat":[361],"product_tag":[],"class_list":{"0":"post-23851","1":"product","2":"type-product","3":"status-publish","4":"has-post-thumbnail","6":"product_cat-pluie-et-froid","8":"first","9":"instock","10":"shipping-taxable","11":"purchasable","12":"product-type-simple"},"_links":{"self":[{"href":"https:\/\/www.hapy-com.fr\/echoppe\/wp-json\/wp\/v2\/product\/23851","targetHints":{"allow":["GET"]}}],"collection":[{"href":"https:\/\/www.hapy-com.fr\/echoppe\/wp-json\/wp\/v2\/product"}],"about":[{"href":"https:\/\/www.hapy-com.fr\/echoppe\/wp-json\/wp\/v2\/types\/product"}],"wp:featuredmedia":[{"embeddable":true,"href":"https:\/\/www.hapy-com.fr\/echoppe\/wp-json\/wp\/v2\/media\/23839"}],"wp:attachment":[{"href":"https:\/\/www.hapy-com.fr\/echoppe\/wp-json\/wp\/v2\/media?parent=23851"}],"wp:term":[{"taxonomy":"product_cat","embeddable":true,"href":"https:\/\/www.hapy-com.fr\/echoppe\/wp-json\/wp\/v2\/product_cat?post=23851"},{"taxonomy":"product_tag","embeddable":true,"href":"https:\/\/www.hapy-com.fr\/echoppe\/wp-json\/wp\/v2\/product_tag?post=23851"}],"curies":[{"name":"wp","href":"https:\/\/api.w.org\/{rel}","templated":true}]}}