{"id":23864,"date":"2022-06-24T14:08:48","date_gmt":"2022-06-24T12:08:48","guid":{"rendered":"http:\/\/www.hapy-com.fr\/echoppe\/product\/parapluie-cardin\/"},"modified":"2022-06-24T14:08:48","modified_gmt":"2022-06-24T12:08:48","slug":"parapluie-cardin","status":"publish","type":"product","link":"https:\/\/www.hapy-com.fr\/echoppe\/product\/parapluie-cardin\/","title":{"rendered":"Parapluie Cardin"},"content":{"rendered":"<p>Parapluie \u00e0 8 panneaux avec un contraste original de couleurs: argent sur la face ext\u00e9rieure et couleurs vives vari\u00e9es \u00e0 l\u00b4int\u00e9rieur. Diam\u00e8tre de 102 cm. Ouverture automatique, avec baleines m\u00e9talliques noires, fermeture velcro et manche noir doux. Polyester r\u00e9sistant.<\/p>\n","protected":false},"excerpt":{"rendered":"<p>Parapluie \u00e0 8 panneaux avec un contraste original de couleurs: argent sur la face ext\u00e9rieure et couleurs vives vari\u00e9es \u00e0 l\u00b4int\u00e9rieur. Diam\u00e8tre de 102 cm. Ouverture automatique, avec baleines m\u00e9talliques&#8230;<\/p>\n","protected":false},"featured_media":23862,"template":"","meta":[],"product_cat":[361],"product_tag":[],"class_list":{"0":"post-23864","1":"product","2":"type-product","3":"status-publish","4":"has-post-thumbnail","6":"product_cat-pluie-et-froid","8":"first","9":"instock","10":"shipping-taxable","11":"purchasable","12":"product-type-simple"},"_links":{"self":[{"href":"https:\/\/www.hapy-com.fr\/echoppe\/wp-json\/wp\/v2\/product\/23864","targetHints":{"allow":["GET"]}}],"collection":[{"href":"https:\/\/www.hapy-com.fr\/echoppe\/wp-json\/wp\/v2\/product"}],"about":[{"href":"https:\/\/www.hapy-com.fr\/echoppe\/wp-json\/wp\/v2\/types\/product"}],"wp:featuredmedia":[{"embeddable":true,"href":"https:\/\/www.hapy-com.fr\/echoppe\/wp-json\/wp\/v2\/media\/23862"}],"wp:attachment":[{"href":"https:\/\/www.hapy-com.fr\/echoppe\/wp-json\/wp\/v2\/media?parent=23864"}],"wp:term":[{"taxonomy":"product_cat","embeddable":true,"href":"https:\/\/www.hapy-com.fr\/echoppe\/wp-json\/wp\/v2\/product_cat?post=23864"},{"taxonomy":"product_tag","embeddable":true,"href":"https:\/\/www.hapy-com.fr\/echoppe\/wp-json\/wp\/v2\/product_tag?post=23864"}],"curies":[{"name":"wp","href":"https:\/\/api.w.org\/{rel}","templated":true}]}}