{"id":23877,"date":"2022-06-24T14:08:58","date_gmt":"2022-06-24T12:08:58","guid":{"rendered":"http:\/\/www.hapy-com.fr\/echoppe\/product\/poncho-montello-3\/"},"modified":"2022-06-24T14:08:58","modified_gmt":"2022-06-24T12:08:58","slug":"poncho-montello-3","status":"publish","type":"product","link":"https:\/\/www.hapy-com.fr\/echoppe\/product\/poncho-montello-3\/","title":{"rendered":"Poncho Montello"},"content":{"rendered":"<p>Poncho en PVC aux couleurs vives. Avec des fermoirs sur les c\u00f4t\u00e9s et une finition thermoscell\u00e9e. Pr\u00e9sent\u00e9 dans un sac individuel assorti avec fermeture \u00e0 lacet. Une taille pour les adultes dans les mesures 127x100cm.<\/p>\n","protected":false},"excerpt":{"rendered":"<p>Poncho en PVC aux couleurs vives. Avec des fermoirs sur les c\u00f4t\u00e9s et une finition thermoscell\u00e9e. Pr\u00e9sent\u00e9 dans un sac individuel assorti avec fermeture \u00e0 lacet. Une taille pour les&#8230;<\/p>\n","protected":false},"featured_media":23873,"template":"","meta":[],"product_cat":[361],"product_tag":[],"class_list":{"0":"post-23877","1":"product","2":"type-product","3":"status-publish","4":"has-post-thumbnail","6":"product_cat-pluie-et-froid","8":"first","9":"instock","10":"shipping-taxable","11":"purchasable","12":"product-type-simple"},"_links":{"self":[{"href":"https:\/\/www.hapy-com.fr\/echoppe\/wp-json\/wp\/v2\/product\/23877","targetHints":{"allow":["GET"]}}],"collection":[{"href":"https:\/\/www.hapy-com.fr\/echoppe\/wp-json\/wp\/v2\/product"}],"about":[{"href":"https:\/\/www.hapy-com.fr\/echoppe\/wp-json\/wp\/v2\/types\/product"}],"wp:featuredmedia":[{"embeddable":true,"href":"https:\/\/www.hapy-com.fr\/echoppe\/wp-json\/wp\/v2\/media\/23873"}],"wp:attachment":[{"href":"https:\/\/www.hapy-com.fr\/echoppe\/wp-json\/wp\/v2\/media?parent=23877"}],"wp:term":[{"taxonomy":"product_cat","embeddable":true,"href":"https:\/\/www.hapy-com.fr\/echoppe\/wp-json\/wp\/v2\/product_cat?post=23877"},{"taxonomy":"product_tag","embeddable":true,"href":"https:\/\/www.hapy-com.fr\/echoppe\/wp-json\/wp\/v2\/product_tag?post=23877"}],"curies":[{"name":"wp","href":"https:\/\/api.w.org\/{rel}","templated":true}]}}