{"id":23881,"date":"2022-06-24T14:09:01","date_gmt":"2022-06-24T12:09:01","guid":{"rendered":"http:\/\/www.hapy-com.fr\/echoppe\/product\/impermeable-hips-2\/"},"modified":"2022-06-24T14:09:01","modified_gmt":"2022-06-24T12:09:01","slug":"impermeable-hips-2","status":"publish","type":"product","link":"https:\/\/www.hapy-com.fr\/echoppe\/product\/impermeable-hips-2\/","title":{"rendered":"Imperm\u00e9able Hips"},"content":{"rendered":"<p>Imperm\u00e9able en PVC r\u00e9sistant thermoscell\u00e9 disponible en couleurs vari\u00e9es. Capuche zipp\u00e9e int\u00e9gr\u00e9e dans le col. Fermeture principale zipp\u00e9e et poches lat\u00e9rales. Une fois pli\u00e9, il devient un sac banane avec sangle \u00e9lastique et boucle de fermeture assortie. Disponible en tailles M-L et XL-XXL.<\/p>\n","protected":false},"excerpt":{"rendered":"<p>Imperm\u00e9able en PVC r\u00e9sistant thermoscell\u00e9 disponible en couleurs vari\u00e9es. Capuche zipp\u00e9e int\u00e9gr\u00e9e dans le col. Fermeture principale zipp\u00e9e et poches lat\u00e9rales. Une fois pli\u00e9, il devient un sac banane avec&#8230;<\/p>\n","protected":false},"featured_media":23878,"template":"","meta":[],"product_cat":[361],"product_tag":[],"class_list":{"0":"post-23881","1":"product","2":"type-product","3":"status-publish","4":"has-post-thumbnail","6":"product_cat-pluie-et-froid","8":"first","9":"instock","10":"shipping-taxable","11":"purchasable","12":"product-type-simple"},"_links":{"self":[{"href":"https:\/\/www.hapy-com.fr\/echoppe\/wp-json\/wp\/v2\/product\/23881","targetHints":{"allow":["GET"]}}],"collection":[{"href":"https:\/\/www.hapy-com.fr\/echoppe\/wp-json\/wp\/v2\/product"}],"about":[{"href":"https:\/\/www.hapy-com.fr\/echoppe\/wp-json\/wp\/v2\/types\/product"}],"wp:featuredmedia":[{"embeddable":true,"href":"https:\/\/www.hapy-com.fr\/echoppe\/wp-json\/wp\/v2\/media\/23878"}],"wp:attachment":[{"href":"https:\/\/www.hapy-com.fr\/echoppe\/wp-json\/wp\/v2\/media?parent=23881"}],"wp:term":[{"taxonomy":"product_cat","embeddable":true,"href":"https:\/\/www.hapy-com.fr\/echoppe\/wp-json\/wp\/v2\/product_cat?post=23881"},{"taxonomy":"product_tag","embeddable":true,"href":"https:\/\/www.hapy-com.fr\/echoppe\/wp-json\/wp\/v2\/product_tag?post=23881"}],"curies":[{"name":"wp","href":"https:\/\/api.w.org\/{rel}","templated":true}]}}