{"id":23897,"date":"2022-06-24T14:09:12","date_gmt":"2022-06-24T12:09:12","guid":{"rendered":"http:\/\/www.hapy-com.fr\/echoppe\/product\/lanyard-bob-4\/"},"modified":"2022-06-24T14:09:12","modified_gmt":"2022-06-24T12:09:12","slug":"lanyard-bob-4","status":"publish","type":"product","link":"https:\/\/www.hapy-com.fr\/echoppe\/product\/lanyard-bob-4\/","title":{"rendered":"Lanyard Bob"},"content":{"rendered":"<p>Lanyard \/ Cordon tour de cou en polyester r\u00e9sistant et doux de couleurs vari\u00e9es contenant une capuche imperm\u00e9able camoufl\u00e9 dans sa doublure. D\u00e9tachable, avec fermetures \u00e0 boucle, mousqueton et lani\u00e8re en m\u00e9tal.<\/p>\n","protected":false},"excerpt":{"rendered":"<p>Lanyard \/ Cordon tour de cou en polyester r\u00e9sistant et doux de couleurs vari\u00e9es contenant une capuche imperm\u00e9able camoufl\u00e9 dans sa doublure. D\u00e9tachable, avec fermetures \u00e0 boucle, mousqueton et lani\u00e8re&#8230;<\/p>\n","protected":false},"featured_media":23896,"template":"","meta":[],"product_cat":[361],"product_tag":[],"class_list":{"0":"post-23897","1":"product","2":"type-product","3":"status-publish","4":"has-post-thumbnail","6":"product_cat-pluie-et-froid","8":"first","9":"instock","10":"shipping-taxable","11":"purchasable","12":"product-type-simple"},"_links":{"self":[{"href":"https:\/\/www.hapy-com.fr\/echoppe\/wp-json\/wp\/v2\/product\/23897","targetHints":{"allow":["GET"]}}],"collection":[{"href":"https:\/\/www.hapy-com.fr\/echoppe\/wp-json\/wp\/v2\/product"}],"about":[{"href":"https:\/\/www.hapy-com.fr\/echoppe\/wp-json\/wp\/v2\/types\/product"}],"wp:featuredmedia":[{"embeddable":true,"href":"https:\/\/www.hapy-com.fr\/echoppe\/wp-json\/wp\/v2\/media\/23896"}],"wp:attachment":[{"href":"https:\/\/www.hapy-com.fr\/echoppe\/wp-json\/wp\/v2\/media?parent=23897"}],"wp:term":[{"taxonomy":"product_cat","embeddable":true,"href":"https:\/\/www.hapy-com.fr\/echoppe\/wp-json\/wp\/v2\/product_cat?post=23897"},{"taxonomy":"product_tag","embeddable":true,"href":"https:\/\/www.hapy-com.fr\/echoppe\/wp-json\/wp\/v2\/product_tag?post=23897"}],"curies":[{"name":"wp","href":"https:\/\/api.w.org\/{rel}","templated":true}]}}