{"id":23922,"date":"2022-06-24T14:09:34","date_gmt":"2022-06-24T12:09:34","guid":{"rendered":"http:\/\/www.hapy-com.fr\/echoppe\/product\/collier-muttley-3\/"},"modified":"2022-06-24T14:09:34","modified_gmt":"2022-06-24T12:09:34","slug":"collier-muttley-3","status":"publish","type":"product","link":"https:\/\/www.hapy-com.fr\/echoppe\/product\/collier-muttley-3\/","title":{"rendered":"Collier Muttley"},"content":{"rendered":"<p>Collier r\u00e9fl\u00e9chissant pour animal en polyester doux et r\u00e9sistant, couleurs vives. Avec sangle ajustable, fermeture par clip et accessoire m\u00e9tallique pour passage de sangle<\/p>\n","protected":false},"excerpt":{"rendered":"<p>Collier r\u00e9fl\u00e9chissant pour animal en polyester doux et r\u00e9sistant, couleurs vives. Avec sangle ajustable, fermeture par clip et accessoire m\u00e9tallique pour passage de sangle<\/p>\n","protected":false},"featured_media":23921,"template":"","meta":[],"product_cat":[362],"product_tag":[],"class_list":{"0":"post-23922","1":"product","2":"type-product","3":"status-publish","4":"has-post-thumbnail","6":"product_cat-produits-pour-animaux","8":"first","9":"instock","10":"shipping-taxable","11":"purchasable","12":"product-type-simple"},"_links":{"self":[{"href":"https:\/\/www.hapy-com.fr\/echoppe\/wp-json\/wp\/v2\/product\/23922","targetHints":{"allow":["GET"]}}],"collection":[{"href":"https:\/\/www.hapy-com.fr\/echoppe\/wp-json\/wp\/v2\/product"}],"about":[{"href":"https:\/\/www.hapy-com.fr\/echoppe\/wp-json\/wp\/v2\/types\/product"}],"wp:featuredmedia":[{"embeddable":true,"href":"https:\/\/www.hapy-com.fr\/echoppe\/wp-json\/wp\/v2\/media\/23921"}],"wp:attachment":[{"href":"https:\/\/www.hapy-com.fr\/echoppe\/wp-json\/wp\/v2\/media?parent=23922"}],"wp:term":[{"taxonomy":"product_cat","embeddable":true,"href":"https:\/\/www.hapy-com.fr\/echoppe\/wp-json\/wp\/v2\/product_cat?post=23922"},{"taxonomy":"product_tag","embeddable":true,"href":"https:\/\/www.hapy-com.fr\/echoppe\/wp-json\/wp\/v2\/product_tag?post=23922"}],"curies":[{"name":"wp","href":"https:\/\/api.w.org\/{rel}","templated":true}]}}