{"id":23948,"date":"2022-06-24T14:09:54","date_gmt":"2022-06-24T12:09:54","guid":{"rendered":"http:\/\/www.hapy-com.fr\/echoppe\/product\/distributeur-de-sacs-rucin-5\/"},"modified":"2022-06-24T14:09:54","modified_gmt":"2022-06-24T12:09:54","slug":"distributeur-de-sacs-rucin-5","status":"publish","type":"product","link":"https:\/\/www.hapy-com.fr\/echoppe\/product\/distributeur-de-sacs-rucin-5\/","title":{"rendered":"Distributeur de Sacs Rucin"},"content":{"rendered":"<p>Distributeur de sacs pour animaux en forme d\u00b4os avec corps r\u00e9sistant d\u00e9clin\u00e9 en couleurs vives. Mousqueton de transport assorti. Livr\u00e9 avec 15 sacs.<\/p>\n","protected":false},"excerpt":{"rendered":"<p>Distributeur de sacs pour animaux en forme d\u00b4os avec corps r\u00e9sistant d\u00e9clin\u00e9 en couleurs vives. Mousqueton de transport assorti. Livr\u00e9 avec 15 sacs.<\/p>\n","protected":false},"featured_media":23947,"template":"","meta":[],"product_cat":[362],"product_tag":[],"class_list":{"0":"post-23948","1":"product","2":"type-product","3":"status-publish","4":"has-post-thumbnail","6":"product_cat-produits-pour-animaux","8":"first","9":"instock","10":"shipping-taxable","11":"purchasable","12":"product-type-simple"},"_links":{"self":[{"href":"https:\/\/www.hapy-com.fr\/echoppe\/wp-json\/wp\/v2\/product\/23948","targetHints":{"allow":["GET"]}}],"collection":[{"href":"https:\/\/www.hapy-com.fr\/echoppe\/wp-json\/wp\/v2\/product"}],"about":[{"href":"https:\/\/www.hapy-com.fr\/echoppe\/wp-json\/wp\/v2\/types\/product"}],"wp:featuredmedia":[{"embeddable":true,"href":"https:\/\/www.hapy-com.fr\/echoppe\/wp-json\/wp\/v2\/media\/23947"}],"wp:attachment":[{"href":"https:\/\/www.hapy-com.fr\/echoppe\/wp-json\/wp\/v2\/media?parent=23948"}],"wp:term":[{"taxonomy":"product_cat","embeddable":true,"href":"https:\/\/www.hapy-com.fr\/echoppe\/wp-json\/wp\/v2\/product_cat?post=23948"},{"taxonomy":"product_tag","embeddable":true,"href":"https:\/\/www.hapy-com.fr\/echoppe\/wp-json\/wp\/v2\/product_tag?post=23948"}],"curies":[{"name":"wp","href":"https:\/\/api.w.org\/{rel}","templated":true}]}}